{"id":8470,"date":"2023-03-17T16:17:35","date_gmt":"2023-03-17T16:17:35","guid":{"rendered":"https:\/\/dsquare.ca\/?page_id=8470"},"modified":"2024-03-04T13:48:06","modified_gmt":"2024-03-04T13:48:06","slug":"thaw-period","status":"publish","type":"page","link":"https:\/\/dsquare.ca\/fr\/thaw-period\/","title":{"rendered":"P\u00e9riode de d\u00e9gel"},"content":{"rendered":"<div data-elementor-type=\"wp-page\" data-elementor-id=\"8470\" class=\"elementor elementor-8470\" data-elementor-post-type=\"page\">\n\t\t\t\t<div class=\"elementor-element elementor-element-9873ce8 e-flex e-con-boxed e-con e-parent\" data-id=\"9873ce8\" data-element_type=\"container\" data-settings=\"{&quot;background_background&quot;:&quot;classic&quot;}\">\n\t\t\t\t\t<div class=\"e-con-inner\">\n\t\t\t\t<div class=\"elementor-element elementor-element-5ffa33d elementor-widget elementor-widget-heading\" data-id=\"5ffa33d\" data-element_type=\"widget\" data-widget_type=\"heading.default\">\n\t\t\t\t<div class=\"elementor-widget-container\">\n\t\t\t\t\t<h1 class=\"elementor-heading-title elementor-size-default\">P\u00e9riode de d\u00e9gel<\/h1>\t\t\t\t<\/div>\n\t\t\t\t<\/div>\n\t\t\t\t\t<\/div>\n\t\t\t\t<\/div>\n\t\t<div class=\"elementor-element elementor-element-088e1e2 e-flex e-con-boxed e-con e-parent\" data-id=\"088e1e2\" data-element_type=\"container\">\n\t\t\t\t\t<div class=\"e-con-inner\">\n\t\t\t\t<div class=\"elementor-element elementor-element-cb15b2b elementor-widget elementor-widget-spacer\" data-id=\"cb15b2b\" data-element_type=\"widget\" data-widget_type=\"spacer.default\">\n\t\t\t\t<div class=\"elementor-widget-container\">\n\t\t\t\t\t\t\t<div class=\"elementor-spacer\">\n\t\t\t<div class=\"elementor-spacer-inner\"><\/div>\n\t\t<\/div>\n\t\t\t\t\t\t<\/div>\n\t\t\t\t<\/div>\n\t\t\t\t\t<\/div>\n\t\t\t\t<\/div>\n\t\t<div class=\"elementor-element elementor-element-163fc03 e-flex e-con-boxed e-con e-parent\" data-id=\"163fc03\" data-element_type=\"container\">\n\t\t\t\t\t<div class=\"e-con-inner\">\n\t\t\t\t<div class=\"elementor-element elementor-element-5c630fb elementor-widget elementor-widget-heading\" data-id=\"5c630fb\" data-element_type=\"widget\" data-widget_type=\"heading.default\">\n\t\t\t\t<div class=\"elementor-widget-container\">\n\t\t\t\t\t<h2 class=\"elementor-heading-title elementor-size-default\">Qu'est-ce qu'une p\u00e9riode de d\u00e9gel? <\/h2>\t\t\t\t<\/div>\n\t\t\t\t<\/div>\n\t\t\t\t<div class=\"elementor-element elementor-element-8c0f276 elementor-widget elementor-widget-text-editor\" data-id=\"8c0f276\" data-element_type=\"widget\" data-widget_type=\"text-editor.default\">\n\t\t\t\t<div class=\"elementor-widget-container\">\n\t\t\t\t\t\t\t\t\t<p><\/p><p>Dans certaines provinces canadiennes, il existe une p\u00e9riode o\u00f9 la route est plus cassante que dans des conditions normales en raison de la fonte des neiges apr\u00e8s l'hiver et de l'augmentation du niveau des rivi\u00e8res, qui peuvent m\u00eame inonder certaines r\u00e9gions.<\/p><p> <\/p><p>Chaque printemps, le minist\u00e8re des Transports du Qu\u00e9bec d\u00e9termine les dates de la p\u00e9riode de d\u00e9gel pour les <a href=\"https:\/\/www.transports.gouv.qc.ca\/fr\/entreprises-partenaires\/ent-camionnage\/degel\/Pages\/Periode-de-degel.aspx\" target=\"_blank\" rel=\"noopener\">trois zones de d\u00e9gel du Qu\u00e9bec.<\/a> Durant cette p\u00e9riode, les v\u00e9hicules lourds circulant sur l'ensemble du r\u00e9seau routier doivent r\u00e9duire leurs charges, suivant les limites impos\u00e9es par le R\u00e8glement, en respectant les normes de charge et de dimensions applicables aux v\u00e9hicules routiers.<\/p><p> <\/p><p>Voici ci-dessous les <strong>limites de CARGO<\/strong> pour le Qu\u00e9bec et l'Ontario pour les charges s\u00e8ches. Si la cargaison est plus lourde que la limite mentionn\u00e9e ci-dessous, un ch\u00e2ssis \u00e0 4 essieux doit \u00eatre utilis\u00e9 (des frais suppl\u00e9mentaires s'appliqueront pour cela, pendant la p\u00e9riode de d\u00e9gel). Dans le cas des DROPs, ces frais seront compt\u00e9s comme des frais quotidiens apr\u00e8s 24 heures d'utilisation.<\/p><p> <\/p><p>L'entreprise qui envoie les instructions du bon de travail est responsable de fournir des informations correctes et des p\u00e9nalit\u00e9s qui pourraient arriver si les informations s'av\u00e9raient erron\u00e9es lors d'un contr\u00f4le routier. Pour les charges d'exportation, il peut s'agir du <em>poids maximal approximatif de la cargaison.<\/em>.<\/p><p> <\/p><p><strong>NOTE<\/strong>: Les conteneurs frigorifiques p\u00e8sent 1 000 kg de plus que les conteneurs non frigorifiques, d\u00e9duisez donc 1 000 kg de plus des limites s\u00e8ches.<\/p><p><\/p>\t\t\t\t\t\t\t\t<\/div>\n\t\t\t\t<\/div>\n\t\t\t\t\t<\/div>\n\t\t\t\t<\/div>\n\t\t<div class=\"elementor-element elementor-element-974ea42 e-flex e-con-boxed e-con e-parent\" data-id=\"974ea42\" data-element_type=\"container\">\n\t\t\t\t\t<div class=\"e-con-inner\">\n\t\t\t\t<div class=\"elementor-element elementor-element-a4c15a2 elementor-widget elementor-widget-image\" data-id=\"a4c15a2\" data-element_type=\"widget\" data-widget_type=\"image.default\">\n\t\t\t\t<div class=\"elementor-widget-container\">\n\t\t\t\t\t\t\t\t\t\t\t\t\t\t\t<img fetchpriority=\"high\" decoding=\"async\" width=\"475\" height=\"689\" src=\"https:\/\/dsquare.ca\/wp-content\/uploads\/2023\/03\/consolidated.png\" class=\"attachment-large size-large wp-image-8503\" alt=\"\" srcset=\"https:\/\/dsquare.ca\/wp-content\/uploads\/2023\/03\/consolidated.png 475w, https:\/\/dsquare.ca\/wp-content\/uploads\/2023\/03\/consolidated-207x300.png 207w, https:\/\/dsquare.ca\/wp-content\/uploads\/2023\/03\/consolidated-8x12.png 8w\" sizes=\"(max-width: 475px) 100vw, 475px\" title=\"\">\t\t\t\t\t\t\t\t\t\t\t\t\t\t\t<\/div>\n\t\t\t\t<\/div>\n\t\t\t\t\t<\/div>\n\t\t\t\t<\/div>\n\t\t<div class=\"elementor-element elementor-element-26c0776 e-flex e-con-boxed e-con e-parent\" data-id=\"26c0776\" data-element_type=\"container\">\n\t\t\t\t\t<div class=\"e-con-inner\">\n\t\t\t\t<div class=\"elementor-element elementor-element-4d8326e elementor-widget elementor-widget-text-editor\" data-id=\"4d8326e\" data-element_type=\"widget\" data-widget_type=\"text-editor.default\">\n\t\t\t\t<div class=\"elementor-widget-container\">\n\t\t\t\t\t\t\t\t\t<p><\/p>\n<p>Ci-joint\u00a0: Carte des zones de d\u00e9gel du Qu\u00e9bec et des limites de chargement des remorques<\/p>\n<p> <\/p>\n<p>Selon l'\u00e9volution des conditions m\u00e9t\u00e9orologiques, le d\u00e9but et la fin de la p\u00e9riode de restriction de charge peuvent \u00eatre avanc\u00e9s ou retard\u00e9s. Voir ci-dessous les <a href=\"https:\/\/www.transports.gouv.qc.ca\/en\/camionnage\/degel-periode-restrictions-charges\/Pages\/periode-degel.aspx\" target=\"_blank\" rel=\"noopener\">les dates pr\u00e9liminaires de la p\u00e9riode de d\u00e9gel au Qu\u00e9bec pour 2023<\/a> preliminary dates for 2024.<\/p>\n<p> <\/p>\n<p><strong>Zone 1<\/strong><\/p>\n<p> <\/p>\n<p>Monday, March 04 (00:01) to Friday, April 26 (23:59)<\/p>\n<p> <\/p>\n<p><strong>Zone 2<\/strong><\/p>\n<p> <\/p>\n<p>Monday, March 25 (00:01) to Friday, May 17 (23:59)<\/p>\n<p> <\/p>\n<p><strong>Zone 3<\/strong><\/p>\n<p> <\/p>\n<p>Monday, April 1 (00:01) to Friday, May 24 (23:59)<\/p>\n<p><\/p>\t\t\t\t\t\t\t\t<\/div>\n\t\t\t\t<\/div>\n\t\t\t\t\t<\/div>\n\t\t\t\t<\/div>\n\t\t<div class=\"elementor-element elementor-element-a08e03f e-flex e-con-boxed e-con e-parent\" data-id=\"a08e03f\" data-element_type=\"container\">\n\t\t\t\t\t<div class=\"e-con-inner\">\n\t\t\t\t<div class=\"elementor-element elementor-element-e5dc827 elementor-widget elementor-widget-image\" data-id=\"e5dc827\" data-element_type=\"widget\" data-widget_type=\"image.default\">\n\t\t\t\t<div class=\"elementor-widget-container\">\n\t\t\t\t\t\t\t\t\t\t\t\t\t\t\t<img decoding=\"async\" width=\"657\" height=\"401\" src=\"https:\/\/dsquare.ca\/wp-content\/uploads\/2023\/03\/zonemap.png\" class=\"attachment-large size-large wp-image-8504\" alt=\"\" srcset=\"https:\/\/dsquare.ca\/wp-content\/uploads\/2023\/03\/zonemap.png 657w, https:\/\/dsquare.ca\/wp-content\/uploads\/2023\/03\/zonemap-300x183.png 300w, https:\/\/dsquare.ca\/wp-content\/uploads\/2023\/03\/zonemap-18x12.png 18w\" sizes=\"(max-width: 657px) 100vw, 657px\" title=\"\">\t\t\t\t\t\t\t\t\t\t\t\t\t\t\t<\/div>\n\t\t\t\t<\/div>\n\t\t\t\t\t<\/div>\n\t\t\t\t<\/div>\n\t\t\t\t<\/div>","protected":false},"excerpt":{"rendered":"<p>Thaw Period What is a thaw period? In some Canadian provinces exists a period when the road is more brittle than in normal conditions because of the melting snow after winter and increased rivers level, which can even flood some&#x2026; <\/p>\n<p class=\"more-link-container th-uppercase th-text-2xs\"><a href=\"https:\/\/dsquare.ca\/fr\/thaw-period\/\" class=\"more-link\">En savoir plus <span class=\"screen-reader-text\">P\u00e9riode de d\u00e9gel<\/span><\/a><\/p>","protected":false},"author":1,"featured_media":0,"parent":0,"menu_order":0,"comment_status":"closed","ping_status":"closed","template":"elementor_header_footer","meta":{"_eb_attr":"","footnotes":""},"class_list":["post-8470","page","type-page","status-publish","hentry"],"rttpg_featured_image_url":null,"rttpg_author":{"display_name":"admin","author_link":"https:\/\/dsquare.ca\/fr\/author\/dsquare_nat2wyqs\/"},"rttpg_comment":0,"rttpg_category":null,"rttpg_excerpt":"Thaw Period What is a thaw period? In some Canadian provinces exists a period when the road is more brittle than in normal conditions because of the melting snow after winter and increased rivers level, which can even flood some&#x2026; Read More Thaw period","_links":{"self":[{"href":"https:\/\/dsquare.ca\/fr\/wp-json\/wp\/v2\/pages\/8470","targetHints":{"allow":["GET"]}}],"collection":[{"href":"https:\/\/dsquare.ca\/fr\/wp-json\/wp\/v2\/pages"}],"about":[{"href":"https:\/\/dsquare.ca\/fr\/wp-json\/wp\/v2\/types\/page"}],"author":[{"embeddable":true,"href":"https:\/\/dsquare.ca\/fr\/wp-json\/wp\/v2\/users\/1"}],"replies":[{"embeddable":true,"href":"https:\/\/dsquare.ca\/fr\/wp-json\/wp\/v2\/comments?post=8470"}],"version-history":[{"count":22,"href":"https:\/\/dsquare.ca\/fr\/wp-json\/wp\/v2\/pages\/8470\/revisions"}],"predecessor-version":[{"id":8704,"href":"https:\/\/dsquare.ca\/fr\/wp-json\/wp\/v2\/pages\/8470\/revisions\/8704"}],"wp:attachment":[{"href":"https:\/\/dsquare.ca\/fr\/wp-json\/wp\/v2\/media?parent=8470"}],"curies":[{"name":"wp","href":"https:\/\/api.w.org\/{rel}","templated":true}]}}