{"id":51,"date":"2021-05-07T05:19:13","date_gmt":"2021-05-07T05:19:13","guid":{"rendered":"https:\/\/staging2.dsquare.ca\/?page_id=51"},"modified":"2023-09-19T19:22:27","modified_gmt":"2023-09-19T19:22:27","slug":"our-technology","status":"publish","type":"page","link":"https:\/\/dsquare.ca\/fr\/our-technology\/","title":{"rendered":"Technologie"},"content":{"rendered":"<div data-elementor-type=\"wp-page\" data-elementor-id=\"51\" class=\"elementor elementor-51\" data-elementor-post-type=\"page\">\n\t\t\t\t\t\t<section class=\"elementor-section elementor-top-section elementor-element elementor-element-ff81487 elementor-section-height-min-height elementor-section-boxed elementor-section-height-default elementor-section-items-middle\" data-id=\"ff81487\" data-element_type=\"section\" data-settings=\"{&quot;background_background&quot;:&quot;classic&quot;}\">\n\t\t\t\t\t\t<div class=\"elementor-container elementor-column-gap-default\">\n\t\t\t\t\t<div class=\"elementor-column elementor-col-100 elementor-top-column elementor-element elementor-element-ddc9d42\" data-id=\"ddc9d42\" data-element_type=\"column\">\n\t\t\t<div class=\"elementor-widget-wrap elementor-element-populated\">\n\t\t\t\t\t\t<div class=\"elementor-element elementor-element-dda869f elementor-widget elementor-widget-heading\" data-id=\"dda869f\" data-element_type=\"widget\" data-widget_type=\"heading.default\">\n\t\t\t\t<div class=\"elementor-widget-container\">\n\t\t\t\t\t<h1 class=\"elementor-heading-title elementor-size-default\">Technologie<\/h1>\t\t\t\t<\/div>\n\t\t\t\t<\/div>\n\t\t\t\t<div class=\"elementor-element elementor-element-c9a6079 elementor-widget__width-initial elementor-widget elementor-widget-heading\" data-id=\"c9a6079\" data-element_type=\"widget\" data-widget_type=\"heading.default\">\n\t\t\t\t<div class=\"elementor-widget-container\">\n\t\t\t\t\t<p class=\"elementor-heading-title elementor-size-default\">DOTER NOTRE COMMUNAUT\u00c9 DES MEILLEURES TECHNOLOGIES<\/p>\t\t\t\t<\/div>\n\t\t\t\t<\/div>\n\t\t\t\t<div class=\"elementor-element elementor-element-1cc86c1 elementor-align-left elementor-widget elementor-widget-button\" data-id=\"1cc86c1\" data-element_type=\"widget\" data-widget_type=\"button.default\">\n\t\t\t\t<div class=\"elementor-widget-container\">\n\t\t\t\t\t\t\t\t\t<div class=\"elementor-button-wrapper\">\n\t\t\t\t\t<a class=\"elementor-button elementor-button-link elementor-size-sm\" href=\"https:\/\/dsquare.ca\/fr\/contact-us\/\">\n\t\t\t\t\t\t<span class=\"elementor-button-content-wrapper\">\n\t\t\t\t\t\t\t\t\t<span class=\"elementor-button-text\">Obtenez une soumission<\/span>\n\t\t\t\t\t<\/span>\n\t\t\t\t\t<\/a>\n\t\t\t\t<\/div>\n\t\t\t\t\t\t\t\t<\/div>\n\t\t\t\t<\/div>\n\t\t\t\t\t<\/div>\n\t\t<\/div>\n\t\t\t\t\t<\/div>\n\t\t<\/section>\n\t\t\t\t<section class=\"elementor-section elementor-top-section elementor-element elementor-element-88c513e elementor-section-boxed elementor-section-height-default elementor-section-height-default\" data-id=\"88c513e\" data-element_type=\"section\">\n\t\t\t\t\t\t<div class=\"elementor-container elementor-column-gap-default\">\n\t\t\t\t\t<div class=\"elementor-column elementor-col-100 elementor-top-column elementor-element elementor-element-0ad3191\" data-id=\"0ad3191\" data-element_type=\"column\">\n\t\t\t<div class=\"elementor-widget-wrap elementor-element-populated\">\n\t\t\t\t\t\t<div class=\"elementor-element elementor-element-a0317e6 elementor-widget elementor-widget-text-editor\" data-id=\"a0317e6\" data-element_type=\"widget\" data-widget_type=\"text-editor.default\">\n\t\t\t\t<div class=\"elementor-widget-container\">\n\t\t\t\t\t\t\t\t\t<p>Nous aimons consid\u00e9rer la technologie comme un moyen d'atteindre un objectif. Notre objectif est de vous simplifier la vie gr\u00e2ce \u00e0 la meilleure technologie pour une efficacit\u00e9 et une s\u00e9curit\u00e9 optimis\u00e9e.<\/p>\t\t\t\t\t\t\t\t<\/div>\n\t\t\t\t<\/div>\n\t\t\t\t\t<\/div>\n\t\t<\/div>\n\t\t\t\t\t<\/div>\n\t\t<\/section>\n\t\t\t\t<section class=\"elementor-section elementor-top-section elementor-element elementor-element-e6d13fd elementor-section-boxed elementor-section-height-default elementor-section-height-default\" data-id=\"e6d13fd\" data-element_type=\"section\">\n\t\t\t\t\t\t<div class=\"elementor-container elementor-column-gap-default\">\n\t\t\t\t\t<div class=\"elementor-column elementor-col-50 elementor-top-column elementor-element elementor-element-e21c08e\" data-id=\"e21c08e\" data-element_type=\"column\">\n\t\t\t<div class=\"elementor-widget-wrap elementor-element-populated\">\n\t\t\t\t\t\t<div class=\"elementor-element elementor-element-5d6bf27 elementor-widget elementor-widget-heading\" data-id=\"5d6bf27\" data-element_type=\"widget\" data-widget_type=\"heading.default\">\n\t\t\t\t<div class=\"elementor-widget-container\">\n\t\t\t\t\t<h3 class=\"elementor-heading-title elementor-size-default\">S'inqui\u00e9ter moins, profiter davantage<\/h3>\t\t\t\t<\/div>\n\t\t\t\t<\/div>\n\t\t\t\t<div class=\"elementor-element elementor-element-28d4e12 elementor-widget__width-initial elementor-widget elementor-widget-text-editor\" data-id=\"28d4e12\" data-element_type=\"widget\" data-widget_type=\"text-editor.default\">\n\t\t\t\t<div class=\"elementor-widget-container\">\n\t\t\t\t\t\t\t\t\t<p>Laissez-nous nous inqui\u00e9ter pour vous. Nous vous apportons la s\u00e9curit\u00e9 gr\u00e2ce \u00e0 la meilleure technologie de surveillance dans toutes nos installations. Nos installations de qualit\u00e9 alimentaire et notre terminal d'un hectare sont \u00e9quip\u00e9s de cam\u00e9ras de surveillance 24 heures sur 24 et 7 jours sur 7 pour garantir la s\u00e9curit\u00e9 de votre marchandise. Avec un acc\u00e8s \u00e0 nos installations uniquement sur demande, nous contr\u00f4lons ce qui entre et sort de nos portes afin que vous puissiez vous concentrer sur votre travail.<\/p>\t\t\t\t\t\t\t\t<\/div>\n\t\t\t\t<\/div>\n\t\t\t\t\t<\/div>\n\t\t<\/div>\n\t\t\t\t<div class=\"elementor-column elementor-col-50 elementor-top-column elementor-element elementor-element-093042c\" data-id=\"093042c\" data-element_type=\"column\">\n\t\t\t<div class=\"elementor-widget-wrap elementor-element-populated\">\n\t\t\t\t\t\t<div class=\"elementor-element elementor-element-ca0276e elementor-widget elementor-widget-heading\" data-id=\"ca0276e\" data-element_type=\"widget\" data-widget_type=\"heading.default\">\n\t\t\t\t<div class=\"elementor-widget-container\">\n\t\t\t\t\t<h3 class=\"elementor-heading-title elementor-size-default\">Un contr\u00f4le total, o\u00f9 que vous soyez.<\/h3>\t\t\t\t<\/div>\n\t\t\t\t<\/div>\n\t\t\t\t<div class=\"elementor-element elementor-element-b46196e elementor-widget__width-initial elementor-widget elementor-widget-text-editor\" data-id=\"b46196e\" data-element_type=\"widget\" data-widget_type=\"text-editor.default\">\n\t\t\t\t<div class=\"elementor-widget-container\">\n\t\t\t\t\t\t\t\t\t<p>Nous vous simplifions le contr\u00f4le de votre entreprise gr\u00e2ce \u00e0 notre syst\u00e8me de gestion d'entrep\u00f4t (WMS) et \u00e0 la technologie GPS dans tous nos camions. Gr\u00e2ce \u00e0 votre portail client, suivez votre inventaire dans nos entrep\u00f4ts et les camions transportant vos marchandises. Le suivi en direct n'a jamais \u00e9t\u00e9 aussi facile.<\/p>\t\t\t\t\t\t\t\t<\/div>\n\t\t\t\t<\/div>\n\t\t\t\t\t<\/div>\n\t\t<\/div>\n\t\t\t\t\t<\/div>\n\t\t<\/section>\n\t\t\t\t<section class=\"elementor-section elementor-top-section elementor-element elementor-element-e57ee9c elementor-section-boxed elementor-section-height-default elementor-section-height-default\" data-id=\"e57ee9c\" data-element_type=\"section\">\n\t\t\t\t\t\t<div class=\"elementor-container elementor-column-gap-default\">\n\t\t\t\t\t<div class=\"elementor-column elementor-col-50 elementor-top-column elementor-element elementor-element-39e7b84\" data-id=\"39e7b84\" data-element_type=\"column\">\n\t\t\t<div class=\"elementor-widget-wrap elementor-element-populated\">\n\t\t\t\t\t\t<div class=\"elementor-element elementor-element-de94300 elementor-widget elementor-widget-heading\" data-id=\"de94300\" data-element_type=\"widget\" data-widget_type=\"heading.default\">\n\t\t\t\t<div class=\"elementor-widget-container\">\n\t\t\t\t\t<h3 class=\"elementor-heading-title elementor-size-default\">Obtenez des r\u00e9ponses rapidement<\/h3>\t\t\t\t<\/div>\n\t\t\t\t<\/div>\n\t\t\t\t<div class=\"elementor-element elementor-element-b406a0a elementor-widget__width-initial elementor-widget elementor-widget-text-editor\" data-id=\"b406a0a\" data-element_type=\"widget\" data-widget_type=\"text-editor.default\">\n\t\t\t\t<div class=\"elementor-widget-container\">\n\t\t\t\t\t\t\t\t\t<p>Obtenez des r\u00e9ponses imm\u00e9diates \u00e0 vos questions ou commentaires. Acc\u00e9dez \u00e0 notre \u00e9quipe d'Exp\u00e9rience Client par le biais de notre chat en direct ou obtenez des r\u00e9ponses le jour m\u00eame par le biais de notre page Contact.<\/p>\t\t\t\t\t\t\t\t<\/div>\n\t\t\t\t<\/div>\n\t\t\t\t\t<\/div>\n\t\t<\/div>\n\t\t\t\t<div class=\"elementor-column elementor-col-50 elementor-top-column elementor-element elementor-element-719ed26\" data-id=\"719ed26\" data-element_type=\"column\">\n\t\t\t<div class=\"elementor-widget-wrap elementor-element-populated\">\n\t\t\t\t\t\t<div class=\"elementor-element elementor-element-70bb18f elementor-widget elementor-widget-heading\" data-id=\"70bb18f\" data-element_type=\"widget\" data-widget_type=\"heading.default\">\n\t\t\t\t<div class=\"elementor-widget-container\">\n\t\t\t\t\t<h3 class=\"elementor-heading-title elementor-size-default\">Sans papier : du bureau \u00e0 la route<\/h3>\t\t\t\t<\/div>\n\t\t\t\t<\/div>\n\t\t\t\t<div class=\"elementor-element elementor-element-10c5c62 elementor-widget__width-initial elementor-widget elementor-widget-text-editor\" data-id=\"10c5c62\" data-element_type=\"widget\" data-widget_type=\"text-editor.default\">\n\t\t\t\t<div class=\"elementor-widget-container\">\n\t\t\t\t\t\t\t\t\t<p>Donner du pouvoir aux personnes avec lesquelles nous travaillons fait partie de nos valeurs. Notre initiative \"Travailler de n'importe o\u00f9\" donne de la libert\u00e9 \u00e0 nos employ\u00e9s et nous permet de continuer \u00e0 mieux vous servir, o\u00f9 que vous soyez. \u00c9tant l'un des premiers \u00e0 mettre en \u0153uvre cette infrastructure technologique, notre \u00e9quipe a pu travailler \u00e0 distance avant m\u00eame la pand\u00e9mie.<\/p>\t\t\t\t\t\t\t\t<\/div>\n\t\t\t\t<\/div>\n\t\t\t\t\t<\/div>\n\t\t<\/div>\n\t\t\t\t\t<\/div>\n\t\t<\/section>\n\t\t\t\t<section class=\"elementor-section elementor-top-section elementor-element elementor-element-5f8fdcd elementor-section-boxed elementor-section-height-default elementor-section-height-default\" data-id=\"5f8fdcd\" data-element_type=\"section\">\n\t\t\t\t\t\t<div class=\"elementor-container elementor-column-gap-default\">\n\t\t\t\t\t<div class=\"elementor-column elementor-col-100 elementor-top-column elementor-element elementor-element-017bec8\" data-id=\"017bec8\" data-element_type=\"column\">\n\t\t\t<div class=\"elementor-widget-wrap elementor-element-populated\">\n\t\t\t\t\t\t<div class=\"elementor-element elementor-element-2e475ee elementor-widget elementor-widget-heading\" data-id=\"2e475ee\" data-element_type=\"widget\" data-widget_type=\"heading.default\">\n\t\t\t\t<div class=\"elementor-widget-container\">\n\t\t\t\t\t<h3 class=\"elementor-heading-title elementor-size-default\">Plus intelligent et plus rapide<\/h3>\t\t\t\t<\/div>\n\t\t\t\t<\/div>\n\t\t\t\t<div class=\"elementor-element elementor-element-5c177ee elementor-widget elementor-widget-text-editor\" data-id=\"5c177ee\" data-element_type=\"widget\" data-widget_type=\"text-editor.default\">\n\t\t\t\t<div class=\"elementor-widget-container\">\n\t\t\t\t\t\t\t\t\t<p>Des factures \u00e9lectroniques aux commandes en ligne, nous sommes les premiers \u00e0 d\u00e9velopper et \u00e0 commercialiser un API (Application Programming Interface) et un \u00e9change de donn\u00e9es informatis\u00e9es (EDI) uniques pour vous apporter les donn\u00e9es de tous nos syst\u00e8mes dans une seule interface utilisateur : votre Portail Client. Gr\u00e2ce \u00e0 votre acc\u00e8s s\u00e9curis\u00e9, retrouvez en un simple clic les informations les plus pr\u00e9cises mises \u00e0 votre disposition.<\/p>\t\t\t\t\t\t\t\t<\/div>\n\t\t\t\t<\/div>\n\t\t\t\t\t<\/div>\n\t\t<\/div>\n\t\t\t\t\t<\/div>\n\t\t<\/section>\n\t\t<div class=\"elementor-element elementor-element-0243862 e-flex e-con-boxed e-con e-parent\" data-id=\"0243862\" data-element_type=\"container\">\n\t\t\t\t\t<div class=\"e-con-inner\">\n\t\t\t\t<div class=\"elementor-element elementor-element-a6fccb8 elementor-align-center elementor-widget elementor-widget-button\" data-id=\"a6fccb8\" data-element_type=\"widget\" data-widget_type=\"button.default\">\n\t\t\t\t<div class=\"elementor-widget-container\">\n\t\t\t\t\t\t\t\t\t<div class=\"elementor-button-wrapper\">\n\t\t\t\t\t<a class=\"elementor-button elementor-button-link elementor-size-sm elementor-animation-shrink\" href=\"https:\/\/dsquare.ca\/fr\/quote\/\">\n\t\t\t\t\t\t<span class=\"elementor-button-content-wrapper\">\n\t\t\t\t\t\t\t\t\t<span class=\"elementor-button-text\">Obtenez une soumission<\/span>\n\t\t\t\t\t<\/span>\n\t\t\t\t\t<\/a>\n\t\t\t\t<\/div>\n\t\t\t\t\t\t\t\t<\/div>\n\t\t\t\t<\/div>\n\t\t\t\t\t<\/div>\n\t\t\t\t<\/div>\n\t\t\t\t<\/div>","protected":false},"excerpt":{"rendered":"<p><b>UNE TECHNOLOGIE POUR UNE EFFICACIT\u00c9 OPTIMIS\u00c9E<\/b><br \/>\nDes solutions de pointe pour vous simplifier la vie<\/p>","protected":false},"author":1,"featured_media":0,"parent":0,"menu_order":0,"comment_status":"closed","ping_status":"closed","template":"elementor_header_footer","meta":{"_eb_attr":"","footnotes":""},"class_list":["post-51","page","type-page","status-publish","hentry"],"rttpg_featured_image_url":null,"rttpg_author":{"display_name":"admin","author_link":"https:\/\/dsquare.ca\/fr\/author\/dsquare_nat2wyqs\/"},"rttpg_comment":0,"rttpg_category":null,"rttpg_excerpt":"TECHNOLOGY FOR OPTIMIZED EFFICIENCY State-of-the-art solutions to simplify your life","_links":{"self":[{"href":"https:\/\/dsquare.ca\/fr\/wp-json\/wp\/v2\/pages\/51","targetHints":{"allow":["GET"]}}],"collection":[{"href":"https:\/\/dsquare.ca\/fr\/wp-json\/wp\/v2\/pages"}],"about":[{"href":"https:\/\/dsquare.ca\/fr\/wp-json\/wp\/v2\/types\/page"}],"author":[{"embeddable":true,"href":"https:\/\/dsquare.ca\/fr\/wp-json\/wp\/v2\/users\/1"}],"replies":[{"embeddable":true,"href":"https:\/\/dsquare.ca\/fr\/wp-json\/wp\/v2\/comments?post=51"}],"version-history":[{"count":31,"href":"https:\/\/dsquare.ca\/fr\/wp-json\/wp\/v2\/pages\/51\/revisions"}],"predecessor-version":[{"id":8595,"href":"https:\/\/dsquare.ca\/fr\/wp-json\/wp\/v2\/pages\/51\/revisions\/8595"}],"wp:attachment":[{"href":"https:\/\/dsquare.ca\/fr\/wp-json\/wp\/v2\/media?parent=51"}],"curies":[{"name":"wp","href":"https:\/\/api.w.org\/{rel}","templated":true}]}}