{"id":45,"date":"2021-05-07T05:17:58","date_gmt":"2021-05-07T05:17:58","guid":{"rendered":"https:\/\/staging2.dsquare.ca\/?page_id=45"},"modified":"2023-02-14T20:26:21","modified_gmt":"2023-02-14T20:26:21","slug":"warehousing-distribution","status":"publish","type":"page","link":"https:\/\/dsquare.ca\/fr\/warehousing-distribution\/","title":{"rendered":"Entreposage &amp; Distribution"},"content":{"rendered":"<div data-elementor-type=\"wp-page\" data-elementor-id=\"45\" class=\"elementor elementor-45\" data-elementor-post-type=\"page\">\n\t\t\t\t\t\t<section class=\"elementor-section elementor-top-section elementor-element elementor-element-6f947cd elementor-section-height-min-height elementor-section-boxed elementor-section-height-default elementor-section-items-middle\" data-id=\"6f947cd\" data-element_type=\"section\" data-settings=\"{&quot;background_background&quot;:&quot;classic&quot;}\">\n\t\t\t\t\t\t\t<div class=\"elementor-background-overlay\"><\/div>\n\t\t\t\t\t\t\t<div class=\"elementor-container elementor-column-gap-default\">\n\t\t\t\t\t<div class=\"elementor-column elementor-col-100 elementor-top-column elementor-element elementor-element-da98fc3\" data-id=\"da98fc3\" data-element_type=\"column\">\n\t\t\t<div class=\"elementor-widget-wrap elementor-element-populated\">\n\t\t\t\t\t\t<div class=\"elementor-element elementor-element-f4946a8 elementor-widget elementor-widget-heading\" data-id=\"f4946a8\" data-element_type=\"widget\" data-widget_type=\"heading.default\">\n\t\t\t\t<div class=\"elementor-widget-container\">\n\t\t\t\t\t<h1 class=\"elementor-heading-title elementor-size-default\">Warehousing &amp; Distribution<\/h1>\t\t\t\t<\/div>\n\t\t\t\t<\/div>\n\t\t\t\t<div class=\"elementor-element elementor-element-a2e8791 elementor-widget__width-initial elementor-widget elementor-widget-heading\" data-id=\"a2e8791\" data-element_type=\"widget\" data-widget_type=\"heading.default\">\n\t\t\t\t<div class=\"elementor-widget-container\">\n\t\t\t\t\t<p class=\"elementor-heading-title elementor-size-default\">Vous souhaitez optimiser vos op\u00e9rations ? Stockez et exp\u00e9diez avec nous.<\/p>\t\t\t\t<\/div>\n\t\t\t\t<\/div>\n\t\t\t\t<div class=\"elementor-element elementor-element-2b8d1cf elementor-align-left elementor-widget elementor-widget-button\" data-id=\"2b8d1cf\" data-element_type=\"widget\" data-widget_type=\"button.default\">\n\t\t\t\t<div class=\"elementor-widget-container\">\n\t\t\t\t\t\t\t\t\t<div class=\"elementor-button-wrapper\">\n\t\t\t\t\t<a class=\"elementor-button elementor-button-link elementor-size-sm\" href=\"https:\/\/dsquare.ca\/fr\/contact-us\/\">\n\t\t\t\t\t\t<span class=\"elementor-button-content-wrapper\">\n\t\t\t\t\t\t\t\t\t<span class=\"elementor-button-text\">Obtenez une soumission<\/span>\n\t\t\t\t\t<\/span>\n\t\t\t\t\t<\/a>\n\t\t\t\t<\/div>\n\t\t\t\t\t\t\t\t<\/div>\n\t\t\t\t<\/div>\n\t\t\t\t\t<\/div>\n\t\t<\/div>\n\t\t\t\t\t<\/div>\n\t\t<\/section>\n\t\t\t\t<section class=\"elementor-section elementor-top-section elementor-element elementor-element-ece0ec2 elementor-section-boxed elementor-section-height-default elementor-section-height-default\" data-id=\"ece0ec2\" data-element_type=\"section\">\n\t\t\t\t\t\t<div class=\"elementor-container elementor-column-gap-default\">\n\t\t\t\t\t<div class=\"elementor-column elementor-col-50 elementor-top-column elementor-element elementor-element-aa729a1\" data-id=\"aa729a1\" data-element_type=\"column\">\n\t\t\t<div class=\"elementor-widget-wrap elementor-element-populated\">\n\t\t\t\t\t\t<div class=\"elementor-element elementor-element-d780512 elementor-widget elementor-widget-heading\" data-id=\"d780512\" data-element_type=\"widget\" data-widget_type=\"heading.default\">\n\t\t\t\t<div class=\"elementor-widget-container\">\n\t\t\t\t\t<h3 class=\"elementor-heading-title elementor-size-default\">Besoin d'espace? Nous avons plus que 2 million de pieds carr\u00e9s d'espace.<\/h3>\t\t\t\t<\/div>\n\t\t\t\t<\/div>\n\t\t\t\t<div class=\"elementor-element elementor-element-79bf960 elementor-widget elementor-widget-text-editor\" data-id=\"79bf960\" data-element_type=\"widget\" data-widget_type=\"text-editor.default\">\n\t\t\t\t<div class=\"elementor-widget-container\">\n\t\t\t\t\t\t\t\t\t<p>Avec nos 3 emplacements au Qu\u00e9bec reli\u00e9s \u00e0 toutes les autoroutes principales, nos entrep\u00f4ts sont strat\u00e9giquement situ\u00e9s \u00e0 Ville Saint-Laurent, Vaudreuil, et D\u00e9carie. Notre terminal est situ\u00e9 dans le Canadien Pacifique (CP), au c\u0153ur de la ville de Montr\u00e9al. Nous avons \u00e9galement des services d'entreposage disponibles \u00e0 Vancouver, BC et Calgary, AB.<\/p>\t\t\t\t\t\t\t\t<\/div>\n\t\t\t\t<\/div>\n\t\t\t\t\t<\/div>\n\t\t<\/div>\n\t\t\t\t<div class=\"elementor-column elementor-col-50 elementor-top-column elementor-element elementor-element-7fb88fa\" data-id=\"7fb88fa\" data-element_type=\"column\">\n\t\t\t<div class=\"elementor-widget-wrap elementor-element-populated\">\n\t\t\t\t\t\t<div class=\"elementor-element elementor-element-655b5ac elementor-widget elementor-widget-heading\" data-id=\"655b5ac\" data-element_type=\"widget\" data-widget_type=\"heading.default\">\n\t\t\t\t<div class=\"elementor-widget-container\">\n\t\t\t\t\t<h3 class=\"elementor-heading-title elementor-size-default\">Rien \u00e0 craindre. Votre s\u00e9curit\u00e9 nous est importante.<\/h3>\t\t\t\t<\/div>\n\t\t\t\t<\/div>\n\t\t\t\t<div class=\"elementor-element elementor-element-ed2fafe elementor-widget elementor-widget-text-editor\" data-id=\"ed2fafe\" data-element_type=\"widget\" data-widget_type=\"text-editor.default\">\n\t\t\t\t<div class=\"elementor-widget-container\">\n\t\t\t\t\t\t\t\t\t<p>Nos installations de qualit\u00e9 alimentaire sont \u00e9quip\u00e9es de cam\u00e9ras de surveillance 24 heures sur 24, 7 jours sur 7, afin de garantir la s\u00e9curit\u00e9 de votre marchandise. Gr\u00e2ce au personnel qualifi\u00e9 qui surveille nos sites et \u00e0 l'acc\u00e8s \u00e0 nos installations sur demande uniquement, nous contr\u00f4lons ce qui entre et sort de nos portes. Ayez l'esprit tranquille, vos produits sont entre de bonnes mains.<\/p>\t\t\t\t\t\t\t\t<\/div>\n\t\t\t\t<\/div>\n\t\t\t\t\t<\/div>\n\t\t<\/div>\n\t\t\t\t\t<\/div>\n\t\t<\/section>\n\t\t\t\t<section class=\"elementor-section elementor-top-section elementor-element elementor-element-4a3b438 elementor-section-boxed elementor-section-height-default elementor-section-height-default\" data-id=\"4a3b438\" data-element_type=\"section\">\n\t\t\t\t\t\t<div class=\"elementor-container elementor-column-gap-default\">\n\t\t\t\t\t<div class=\"elementor-column elementor-col-50 elementor-top-column elementor-element elementor-element-1355735\" data-id=\"1355735\" data-element_type=\"column\">\n\t\t\t<div class=\"elementor-widget-wrap elementor-element-populated\">\n\t\t\t\t\t\t<div class=\"elementor-element elementor-element-1e47668 elementor-widget elementor-widget-heading\" data-id=\"1e47668\" data-element_type=\"widget\" data-widget_type=\"heading.default\">\n\t\t\t\t<div class=\"elementor-widget-container\">\n\t\t\t\t\t<h3 class=\"elementor-heading-title elementor-size-default\">Contr\u00f4le, m\u00eame \u00e0 distance.<\/h3>\t\t\t\t<\/div>\n\t\t\t\t<\/div>\n\t\t\t\t<div class=\"elementor-element elementor-element-792e82e elementor-widget elementor-widget-text-editor\" data-id=\"792e82e\" data-element_type=\"widget\" data-widget_type=\"text-editor.default\">\n\t\t\t\t<div class=\"elementor-widget-container\">\n\t\t\t\t\t\t\t\t\t<p>En un seul clic, utilisez votre\u00a0<a href=\"https:\/\/staging2.dsquare.ca\/client-access\/\">Portail Client<\/a>\u00a0pour suivre votre inventaire en temps r\u00e9el. Nous vous rendons la vie facile avec notre Syst\u00e8me de Gestion d'Entrep\u00f4t (SGE)<br data-rich-text-line-break=\"true\" \/><br data-rich-text-line-break=\"true\" \/><a href=\"https:\/\/dsquare.ca\/fr\/discover\/projects-partners\/\">En savoir plus sur la fa\u00e7on dont nous utilisons la technologie pour vous simplifier la vie.<\/a><\/p>\t\t\t\t\t\t\t\t<\/div>\n\t\t\t\t<\/div>\n\t\t\t\t\t<\/div>\n\t\t<\/div>\n\t\t\t\t<div class=\"elementor-column elementor-col-50 elementor-top-column elementor-element elementor-element-93819fe\" data-id=\"93819fe\" data-element_type=\"column\">\n\t\t\t<div class=\"elementor-widget-wrap elementor-element-populated\">\n\t\t\t\t\t\t<div class=\"elementor-element elementor-element-bee3dea elementor-widget elementor-widget-heading\" data-id=\"bee3dea\" data-element_type=\"widget\" data-widget_type=\"heading.default\">\n\t\t\t\t<div class=\"elementor-widget-container\">\n\t\t\t\t\t<h3 class=\"elementor-heading-title elementor-size-default\">Une liste non-exhaustive de nos services d'entreposage et de distribution<\/h3>\t\t\t\t<\/div>\n\t\t\t\t<\/div>\n\t\t\t\t<div class=\"elementor-element elementor-element-acc5e50 elementor-widget elementor-widget-text-editor\" data-id=\"acc5e50\" data-element_type=\"widget\" data-widget_type=\"text-editor.default\">\n\t\t\t\t<div class=\"elementor-widget-container\">\n\t\t\t\t\t\t\t\t\t<ul>\n<li>Gestion d'inventaire<\/li>\n<li>Stockage : court, moyen ou long terme<\/li>\n<li>Bourrage et d\u00e9bourrage<\/li>\n<li>Co-emballage et emballage<\/li>\n<li>Pr\u00e9paration de commande<\/li>\n<li>Palettisation<\/li>\n<li>Transbordement<\/li>\n<li>Chargement et d\u00e9chargement de contenants\u00a0<\/li>\n<li>Et plus<\/li>\n<\/ul>\t\t\t\t\t\t\t\t<\/div>\n\t\t\t\t<\/div>\n\t\t\t\t\t<\/div>\n\t\t<\/div>\n\t\t\t\t\t<\/div>\n\t\t<\/section>\n\t\t\t\t<section class=\"elementor-section elementor-top-section elementor-element elementor-element-45d74b0 elementor-section-boxed elementor-section-height-default elementor-section-height-default\" data-id=\"45d74b0\" data-element_type=\"section\">\n\t\t\t\t\t\t<div class=\"elementor-container elementor-column-gap-default\">\n\t\t\t\t\t<div class=\"elementor-column elementor-col-100 elementor-top-column elementor-element elementor-element-e02b971\" data-id=\"e02b971\" data-element_type=\"column\">\n\t\t\t<div class=\"elementor-widget-wrap elementor-element-populated\">\n\t\t\t\t\t\t<div class=\"elementor-element elementor-element-7e76e7b elementor-align-center elementor-widget elementor-widget-button\" data-id=\"7e76e7b\" data-element_type=\"widget\" data-widget_type=\"button.default\">\n\t\t\t\t<div class=\"elementor-widget-container\">\n\t\t\t\t\t\t\t\t\t<div class=\"elementor-button-wrapper\">\n\t\t\t\t\t<a class=\"elementor-button elementor-button-link elementor-size-sm\" href=\"https:\/\/dsquare.ca\/fr\/contact-us\/\">\n\t\t\t\t\t\t<span class=\"elementor-button-content-wrapper\">\n\t\t\t\t\t\t\t\t\t<span class=\"elementor-button-text\">Obtenez une soumission<\/span>\n\t\t\t\t\t<\/span>\n\t\t\t\t\t<\/a>\n\t\t\t\t<\/div>\n\t\t\t\t\t\t\t\t<\/div>\n\t\t\t\t<\/div>\n\t\t\t\t\t<\/div>\n\t\t<\/div>\n\t\t\t\t\t<\/div>\n\t\t<\/section>\n\t\t\t\t<\/div>","protected":false},"excerpt":{"rendered":"<p><b>VOTRE VISION, NOS CAPACIT\u00c9S<\/b><br \/>\nEntreposage et distribution en toute simplicit\u00e9<\/p>","protected":false},"author":1,"featured_media":0,"parent":0,"menu_order":0,"comment_status":"closed","ping_status":"closed","template":"elementor_header_footer","meta":{"_eb_attr":"","footnotes":""},"class_list":["post-45","page","type-page","status-publish","hentry"],"rttpg_featured_image_url":null,"rttpg_author":{"display_name":"admin","author_link":"https:\/\/dsquare.ca\/fr\/author\/dsquare_nat2wyqs\/"},"rttpg_comment":0,"rttpg_category":null,"rttpg_excerpt":"YOUR VISION, OUR CAPABILITIES Warehousing and distribution made easy","_links":{"self":[{"href":"https:\/\/dsquare.ca\/fr\/wp-json\/wp\/v2\/pages\/45","targetHints":{"allow":["GET"]}}],"collection":[{"href":"https:\/\/dsquare.ca\/fr\/wp-json\/wp\/v2\/pages"}],"about":[{"href":"https:\/\/dsquare.ca\/fr\/wp-json\/wp\/v2\/types\/page"}],"author":[{"embeddable":true,"href":"https:\/\/dsquare.ca\/fr\/wp-json\/wp\/v2\/users\/1"}],"replies":[{"embeddable":true,"href":"https:\/\/dsquare.ca\/fr\/wp-json\/wp\/v2\/comments?post=45"}],"version-history":[{"count":31,"href":"https:\/\/dsquare.ca\/fr\/wp-json\/wp\/v2\/pages\/45\/revisions"}],"predecessor-version":[{"id":7484,"href":"https:\/\/dsquare.ca\/fr\/wp-json\/wp\/v2\/pages\/45\/revisions\/7484"}],"wp:attachment":[{"href":"https:\/\/dsquare.ca\/fr\/wp-json\/wp\/v2\/media?parent=45"}],"curies":[{"name":"wp","href":"https:\/\/api.w.org\/{rel}","templated":true}]}}