{"id":3682,"date":"2022-05-28T04:39:30","date_gmt":"2022-05-28T04:39:30","guid":{"rendered":"https:\/\/dsquare.ca\/?page_id=3682"},"modified":"2023-03-17T16:24:07","modified_gmt":"2023-03-17T16:24:07","slug":"als-awareness","status":"publish","type":"page","link":"https:\/\/dsquare.ca\/fr\/als-awareness\/","title":{"rendered":"Sensibilisation \u00e0 la SLA"},"content":{"rendered":"<div data-elementor-type=\"wp-page\" data-elementor-id=\"3682\" class=\"elementor elementor-3682\" data-elementor-post-type=\"page\">\n\t\t\t\t\t\t<section class=\"elementor-section elementor-top-section elementor-element elementor-element-4ec15bc elementor-section-height-min-height elementor-section-full_width elementor-section-height-default elementor-section-items-middle\" data-id=\"4ec15bc\" data-element_type=\"section\" data-settings=\"{&quot;background_background&quot;:&quot;classic&quot;}\">\n\t\t\t\t\t\t<div class=\"elementor-container elementor-column-gap-default\">\n\t\t\t\t\t<div class=\"elementor-column elementor-col-100 elementor-top-column elementor-element elementor-element-86a1ea8\" data-id=\"86a1ea8\" data-element_type=\"column\">\n\t\t\t<div class=\"elementor-widget-wrap elementor-element-populated\">\n\t\t\t\t\t\t<div class=\"elementor-element elementor-element-b85708c elementor-widget elementor-widget-heading\" data-id=\"b85708c\" data-element_type=\"widget\" data-widget_type=\"heading.default\">\n\t\t\t\t<div class=\"elementor-widget-container\">\n\t\t\t\t\t<h1 class=\"elementor-heading-title elementor-size-default\">Sensibilisation \u00e0 la SLA<\/h1>\t\t\t\t<\/div>\n\t\t\t\t<\/div>\n\t\t\t\t<div class=\"elementor-element elementor-element-3d6fd7e elementor-widget__width-initial elementor-widget elementor-widget-heading\" data-id=\"3d6fd7e\" data-element_type=\"widget\" data-widget_type=\"heading.default\">\n\t\t\t\t<div class=\"elementor-widget-container\">\n\t\t\t\t\t<h2 class=\"elementor-heading-title elementor-size-default\">LA SLA NE S'ARR\u00caTE PAS. NOUS NON PLUS.<\/h2>\t\t\t\t<\/div>\n\t\t\t\t<\/div>\n\t\t\t\t<div class=\"elementor-element elementor-element-120c635 elementor-align-left elementor-widget elementor-widget-button\" data-id=\"120c635\" data-element_type=\"widget\" data-widget_type=\"button.default\">\n\t\t\t\t<div class=\"elementor-widget-container\">\n\t\t\t\t\t\t\t\t\t<div class=\"elementor-button-wrapper\">\n\t\t\t\t\t<a class=\"elementor-button elementor-button-link elementor-size-sm\" href=\"https:\/\/www.jedonneenligne.org\/slaquebec\/campagne\/macollectedefonds\/defi\/3db30fe3-6b96-47a3-9cef-5c7c04746d85\" target=\"_blank\" rel=\"noopener\">\n\t\t\t\t\t\t<span class=\"elementor-button-content-wrapper\">\n\t\t\t\t\t\t\t\t\t<span class=\"elementor-button-text\">Faites un don <\/span>\n\t\t\t\t\t<\/span>\n\t\t\t\t\t<\/a>\n\t\t\t\t<\/div>\n\t\t\t\t\t\t\t\t<\/div>\n\t\t\t\t<\/div>\n\t\t\t\t\t<\/div>\n\t\t<\/div>\n\t\t\t\t\t<\/div>\n\t\t<\/section>\n\t\t\t\t<section class=\"elementor-section elementor-top-section elementor-element elementor-element-d08ecb5 elementor-section-boxed elementor-section-height-default elementor-section-height-default\" data-id=\"d08ecb5\" data-element_type=\"section\" data-settings=\"{&quot;background_background&quot;:&quot;classic&quot;}\">\n\t\t\t\t\t\t<div class=\"elementor-container elementor-column-gap-default\">\n\t\t\t\t\t<div class=\"elementor-column elementor-col-100 elementor-top-column elementor-element elementor-element-ec8ef4d\" data-id=\"ec8ef4d\" data-element_type=\"column\">\n\t\t\t<div class=\"elementor-widget-wrap elementor-element-populated\">\n\t\t\t\t\t\t<div class=\"elementor-element elementor-element-8cd28f3 elementor-widget__width-inherit elementor-widget-tablet__width-inherit elementor-widget elementor-widget-text-editor\" data-id=\"8cd28f3\" data-element_type=\"widget\" data-widget_type=\"text-editor.default\">\n\t\t\t\t<div class=\"elementor-widget-container\">\n\t\t\t\t\t\t\t\t\t<span class=\"JsGRdQ\" style=\"color: #1c9ad5;\">Transport Dsquare<\/span> et la SLA Qu\u00e9bec travaillent ensemble pour un futur sans SLA\t\t\t\t\t\t\t\t<\/div>\n\t\t\t\t<\/div>\n\t\t\t\t<div class=\"elementor-element elementor-element-a2a63ae elementor-widget-divider--view-line elementor-widget elementor-widget-divider\" data-id=\"a2a63ae\" data-element_type=\"widget\" data-widget_type=\"divider.default\">\n\t\t\t\t<div class=\"elementor-widget-container\">\n\t\t\t\t\t\t\t<div class=\"elementor-divider\">\n\t\t\t<span class=\"elementor-divider-separator\">\n\t\t\t\t\t\t<\/span>\n\t\t<\/div>\n\t\t\t\t\t\t<\/div>\n\t\t\t\t<\/div>\n\t\t\t\t\t<\/div>\n\t\t<\/div>\n\t\t\t\t\t<\/div>\n\t\t<\/section>\n\t\t\t\t<section class=\"elementor-section elementor-top-section elementor-element elementor-element-82b040f elementor-section-full_width elementor-section-height-default elementor-section-height-default\" data-id=\"82b040f\" data-element_type=\"section\" data-settings=\"{&quot;background_background&quot;:&quot;classic&quot;}\">\n\t\t\t\t\t\t<div class=\"elementor-container elementor-column-gap-default\">\n\t\t\t\t\t<div class=\"elementor-column elementor-col-50 elementor-top-column elementor-element elementor-element-d2868f8\" data-id=\"d2868f8\" data-element_type=\"column\">\n\t\t\t<div class=\"elementor-widget-wrap elementor-element-populated\">\n\t\t\t\t\t\t<div class=\"elementor-element elementor-element-b870c1d elementor-widget elementor-widget-image\" data-id=\"b870c1d\" data-element_type=\"widget\" data-widget_type=\"image.default\">\n\t\t\t\t<div class=\"elementor-widget-container\">\n\t\t\t\t\t\t\t\t\t\t\t\t\t\t\t<img fetchpriority=\"high\" decoding=\"async\" width=\"1080\" height=\"1080\" src=\"https:\/\/dsquare.ca\/wp-content\/uploads\/2022\/05\/Untitled-design-1.png\" class=\"attachment-full size-full wp-image-3977\" alt=\"dsquare logo and ALS awareness quebec logo separated by diagonal line\" srcset=\"https:\/\/dsquare.ca\/wp-content\/uploads\/2022\/05\/Untitled-design-1.png 1080w, https:\/\/dsquare.ca\/wp-content\/uploads\/2022\/05\/Untitled-design-1-300x300.png 300w, https:\/\/dsquare.ca\/wp-content\/uploads\/2022\/05\/Untitled-design-1-1024x1024.png 1024w, https:\/\/dsquare.ca\/wp-content\/uploads\/2022\/05\/Untitled-design-1-150x150.png 150w, https:\/\/dsquare.ca\/wp-content\/uploads\/2022\/05\/Untitled-design-1-768x768.png 768w, https:\/\/dsquare.ca\/wp-content\/uploads\/2022\/05\/Untitled-design-1-200x200.png 200w\" sizes=\"(max-width: 1080px) 100vw, 1080px\" title=\"\">\t\t\t\t\t\t\t\t\t\t\t\t\t\t\t<\/div>\n\t\t\t\t<\/div>\n\t\t\t\t\t<\/div>\n\t\t<\/div>\n\t\t\t\t<div class=\"elementor-column elementor-col-50 elementor-top-column elementor-element elementor-element-1125d0f\" data-id=\"1125d0f\" data-element_type=\"column\">\n\t\t\t<div class=\"elementor-widget-wrap elementor-element-populated\">\n\t\t\t\t\t\t<div class=\"elementor-element elementor-element-e7afd09 elementor-widget elementor-widget-heading\" data-id=\"e7afd09\" data-element_type=\"widget\" data-widget_type=\"heading.default\">\n\t\t\t\t<div class=\"elementor-widget-container\">\n\t\t\t\t\t<h2 class=\"elementor-heading-title elementor-size-default\">Qu'est-ce que la SLA?<\/h2>\t\t\t\t<\/div>\n\t\t\t\t<\/div>\n\t\t\t\t<div class=\"elementor-element elementor-element-d29a3a4 elementor-widget__width-initial elementor-widget-tablet__width-inherit elementor-widget elementor-widget-text-editor\" data-id=\"d29a3a4\" data-element_type=\"widget\" data-widget_type=\"text-editor.default\">\n\t\t\t\t<div class=\"elementor-widget-container\">\n\t\t\t\t\t\t\t\t\t<p><span class=\"JsGRdQ\">La scl\u00e9rose lat\u00e9rale amyotrophique (\u00e9galement connue sous le nom de SLA) est une maladie qui paralyse progressivement les personnes atteintes, car le cerveau n'est plus capable de communiquer avec les muscles du corps que nous sommes g\u00e9n\u00e9ralement capables de bouger \u00e0 volont\u00e9. Avec le temps, ces muscles du corps se d\u00e9gradent et la personne atteinte de SLA perd la capacit\u00e9 de marcher, de parler, de manger, d'avaler et \u00e9ventuellement de respirer.<\/span><\/p>\t\t\t\t\t\t\t\t<\/div>\n\t\t\t\t<\/div>\n\t\t\t\t\t<\/div>\n\t\t<\/div>\n\t\t\t\t\t<\/div>\n\t\t<\/section>\n\t\t\t\t<section class=\"elementor-section elementor-top-section elementor-element elementor-element-37efdac elementor-section-boxed elementor-section-height-default elementor-section-height-default\" data-id=\"37efdac\" data-element_type=\"section\" data-settings=\"{&quot;background_background&quot;:&quot;classic&quot;}\">\n\t\t\t\t\t\t<div class=\"elementor-container elementor-column-gap-default\">\n\t\t\t\t\t<div class=\"elementor-column elementor-col-100 elementor-top-column elementor-element elementor-element-9b01286\" data-id=\"9b01286\" data-element_type=\"column\">\n\t\t\t<div class=\"elementor-widget-wrap elementor-element-populated\">\n\t\t\t\t\t\t<div class=\"elementor-element elementor-element-4b3d47c elementor-widget elementor-widget-heading\" data-id=\"4b3d47c\" data-element_type=\"widget\" data-widget_type=\"heading.default\">\n\t\t\t\t<div class=\"elementor-widget-container\">\n\t\t\t\t\t<h3 class=\"elementor-heading-title elementor-size-default\">Une maladie qui nous tient \u00e0 c\u0153ur<\/h3>\t\t\t\t<\/div>\n\t\t\t\t<\/div>\n\t\t\t\t<div class=\"elementor-element elementor-element-a716627 elementor-widget__width-inherit elementor-widget-tablet__width-inherit elementor-widget elementor-widget-text-editor\" data-id=\"a716627\" data-element_type=\"widget\" data-widget_type=\"text-editor.default\">\n\t\t\t\t<div class=\"elementor-widget-container\">\n\t\t\t\t\t\t\t\t\t<p><span class=\"JsGRdQ\">L'un des membres de la famille Dsquare \u00e9tant atteint de la SLA depuis quelque temps d\u00e9j\u00e0, nous avons \u00e9t\u00e9 directement expos\u00e9s aux effets de cette maladie. Nous nous sommes maintenant engag\u00e9s \u00e0 sensibiliser le public et, esp\u00e9rons-le, \u00e0 contribuer \u00e0 sa gu\u00e9rison.<\/span><\/p>\t\t\t\t\t\t\t\t<\/div>\n\t\t\t\t<\/div>\n\t\t\t\t\t<\/div>\n\t\t<\/div>\n\t\t\t\t\t<\/div>\n\t\t<\/section>\n\t\t\t\t<section class=\"elementor-section elementor-top-section elementor-element elementor-element-94dda24 elementor-section-boxed elementor-section-height-default elementor-section-height-default\" data-id=\"94dda24\" data-element_type=\"section\" data-settings=\"{&quot;background_background&quot;:&quot;classic&quot;}\">\n\t\t\t\t\t\t<div class=\"elementor-container elementor-column-gap-default\">\n\t\t\t\t\t<div class=\"elementor-column elementor-col-100 elementor-top-column elementor-element elementor-element-e1acc0e\" data-id=\"e1acc0e\" data-element_type=\"column\">\n\t\t\t<div class=\"elementor-widget-wrap elementor-element-populated\">\n\t\t\t\t\t\t<div class=\"elementor-element elementor-element-e4d9412 elementor-widget elementor-widget-heading\" data-id=\"e4d9412\" data-element_type=\"widget\" data-widget_type=\"heading.default\">\n\t\t\t\t<div class=\"elementor-widget-container\">\n\t\t\t\t\t<h2 class=\"elementor-heading-title elementor-size-default\">Travailler ensemble pour apporter le changement<\/h2>\t\t\t\t<\/div>\n\t\t\t\t<\/div>\n\t\t\t\t<section class=\"elementor-section elementor-inner-section elementor-element elementor-element-db00bbb elementor-section-boxed elementor-section-height-default elementor-section-height-default\" data-id=\"db00bbb\" data-element_type=\"section\">\n\t\t\t\t\t\t<div class=\"elementor-container elementor-column-gap-default\">\n\t\t\t\t\t<div class=\"elementor-column elementor-col-33 elementor-inner-column elementor-element elementor-element-6d4802a\" data-id=\"6d4802a\" data-element_type=\"column\">\n\t\t\t<div class=\"elementor-widget-wrap elementor-element-populated\">\n\t\t\t\t\t\t<div class=\"elementor-element elementor-element-dfe734d elementor-widget elementor-widget-image\" data-id=\"dfe734d\" data-element_type=\"widget\" data-widget_type=\"image.default\">\n\t\t\t\t<div class=\"elementor-widget-container\">\n\t\t\t\t\t\t\t\t\t\t\t\t\t\t\t<img decoding=\"async\" width=\"720\" height=\"720\" src=\"https:\/\/dsquare.ca\/wp-content\/uploads\/2022\/05\/1.svg\" class=\"attachment-large size-large wp-image-3886\" alt=\"icon of a heart in an upturned palm\" title=\"\">\t\t\t\t\t\t\t\t\t\t\t\t\t\t\t<\/div>\n\t\t\t\t<\/div>\n\t\t\t\t<div class=\"elementor-element elementor-element-38483d1 elementor-widget elementor-widget-heading\" data-id=\"38483d1\" data-element_type=\"widget\" data-widget_type=\"heading.default\">\n\t\t\t\t<div class=\"elementor-widget-container\">\n\t\t\t\t\t<p class=\"elementor-heading-title elementor-size-default\">Pendant tout le mois de juin, nous donnerons 1 dollar par commande pass\u00e9e.<\/p>\t\t\t\t<\/div>\n\t\t\t\t<\/div>\n\t\t\t\t\t<\/div>\n\t\t<\/div>\n\t\t\t\t<div class=\"elementor-column elementor-col-33 elementor-inner-column elementor-element elementor-element-a5897e8\" data-id=\"a5897e8\" data-element_type=\"column\">\n\t\t\t<div class=\"elementor-widget-wrap elementor-element-populated\">\n\t\t\t\t\t\t<div class=\"elementor-element elementor-element-993a620 elementor-widget elementor-widget-image\" data-id=\"993a620\" data-element_type=\"widget\" data-widget_type=\"image.default\">\n\t\t\t\t<div class=\"elementor-widget-container\">\n\t\t\t\t\t\t\t\t\t\t\t\t\t\t\t<img decoding=\"async\" width=\"720\" height=\"720\" src=\"https:\/\/dsquare.ca\/wp-content\/uploads\/2022\/05\/2.svg\" class=\"attachment-large size-large wp-image-3885\" alt=\"icon of a softball\" title=\"\">\t\t\t\t\t\t\t\t\t\t\t\t\t\t\t<\/div>\n\t\t\t\t<\/div>\n\t\t\t\t<div class=\"elementor-element elementor-element-cec159e elementor-widget elementor-widget-heading\" data-id=\"cec159e\" data-element_type=\"widget\" data-widget_type=\"heading.default\">\n\t\t\t\t<div class=\"elementor-widget-container\">\n\t\t\t\t\t<p class=\"elementor-heading-title elementor-size-default\">Chaque ann\u00e9e, notre \u00e9quipe organise un tournoi de balle-molle pour collecter des fonds et sensibiliser le public.<\/p>\t\t\t\t<\/div>\n\t\t\t\t<\/div>\n\t\t\t\t\t<\/div>\n\t\t<\/div>\n\t\t\t\t<div class=\"elementor-column elementor-col-33 elementor-inner-column elementor-element elementor-element-9ee5079\" data-id=\"9ee5079\" data-element_type=\"column\">\n\t\t\t<div class=\"elementor-widget-wrap elementor-element-populated\">\n\t\t\t\t\t\t<div class=\"elementor-element elementor-element-30360ac elementor-widget elementor-widget-image\" data-id=\"30360ac\" data-element_type=\"widget\" data-widget_type=\"image.default\">\n\t\t\t\t<div class=\"elementor-widget-container\">\n\t\t\t\t\t\t\t\t\t\t\t\t\t\t\t<img loading=\"lazy\" decoding=\"async\" width=\"720\" height=\"720\" src=\"https:\/\/dsquare.ca\/wp-content\/uploads\/2022\/05\/3.svg\" class=\"attachment-large size-large wp-image-3884\" alt=\"icon of two hands holding up the world\" title=\"\">\t\t\t\t\t\t\t\t\t\t\t\t\t\t\t<\/div>\n\t\t\t\t<\/div>\n\t\t\t\t<div class=\"elementor-element elementor-element-7730fdb elementor-widget elementor-widget-heading\" data-id=\"7730fdb\" data-element_type=\"widget\" data-widget_type=\"heading.default\">\n\t\t\t\t<div class=\"elementor-widget-container\">\n\t\t\t\t\t<p class=\"elementor-heading-title elementor-size-default\">Nous travaillons en permanence avec la Soci\u00e9t\u00e9 de la SLA, avec tout le soutien dont elle a besoin. <\/p>\t\t\t\t<\/div>\n\t\t\t\t<\/div>\n\t\t\t\t\t<\/div>\n\t\t<\/div>\n\t\t\t\t\t<\/div>\n\t\t<\/section>\n\t\t\t\t\t<\/div>\n\t\t<\/div>\n\t\t\t\t\t<\/div>\n\t\t<\/section>\n\t\t\t\t<section class=\"elementor-section elementor-top-section elementor-element elementor-element-ba0dcac elementor-section-boxed elementor-section-height-default elementor-section-height-default\" data-id=\"ba0dcac\" data-element_type=\"section\" data-settings=\"{&quot;background_background&quot;:&quot;classic&quot;}\">\n\t\t\t\t\t\t<div class=\"elementor-container elementor-column-gap-default\">\n\t\t\t\t\t<div class=\"elementor-column elementor-col-50 elementor-top-column elementor-element elementor-element-c69763a\" data-id=\"c69763a\" data-element_type=\"column\">\n\t\t\t<div class=\"elementor-widget-wrap elementor-element-populated\">\n\t\t\t\t\t\t<div class=\"elementor-element elementor-element-79074c0 elementor-widget elementor-widget-heading\" data-id=\"79074c0\" data-element_type=\"widget\" data-widget_type=\"heading.default\">\n\t\t\t\t<div class=\"elementor-widget-container\">\n\t\t\t\t\t<h2 class=\"elementor-heading-title elementor-size-default\">Pour chaque dollar que vous donnez:<\/h2>\t\t\t\t<\/div>\n\t\t\t\t<\/div>\n\t\t\t\t<div class=\"elementor-element elementor-element-d25484a elementor-widget__width-inherit elementor-widget-tablet__width-inherit elementor-widget elementor-widget-text-editor\" data-id=\"d25484a\" data-element_type=\"widget\" data-widget_type=\"text-editor.default\">\n\t\t\t\t<div class=\"elementor-widget-container\">\n\t\t\t\t\t\t\t\t\t<ul><li><span style=\"color: #1c9ad5;\"><em><strong>42%<\/strong><\/em><\/span>\u00a0est allou\u00e9 \u00e0 l'am\u00e9lioration de la vie des personnes touch\u00e9es par la SLA par le biais de programmes et de services.<\/li><li style=\"--tw-shadow: 0 0 transparent; --tw-ring-color: rgba(59,130,246,0.5); --tw-ring-inset: var(--tw-empty, ); --tw-ring-offset-color: #fff; --tw-ring-offset-shadow: 0 0 transparent; --tw-ring-offset-width: 0px; --tw-ring-shadow: 0 0 transparent;\"><span style=\"--tw-shadow: 0 0 transparent; --tw-ring-color: rgba(59,130,246,0.5); --tw-ring-inset: var(--tw-empty, ); --tw-ring-offset-color: #fff; --tw-ring-offset-shadow: 0 0 transparent; --tw-ring-offset-width: 0px; --tw-ring-shadow: 0 0 transparent; color: #1c9ad5;\"><em style=\"--tw-shadow: 0 0 transparent; --tw-ring-color: rgba(59,130,246,0.5); --tw-ring-inset: var(--tw-empty, ); --tw-ring-offset-color: #fff; --tw-ring-offset-shadow: 0 0 transparent; --tw-ring-offset-width: 0px; --tw-ring-shadow: 0 0 transparent;\"><span style=\"--tw-shadow: 0 0 transparent; --tw-ring-color: rgba(59,130,246,0.5); --tw-ring-inset: var(--tw-empty, ); --tw-ring-offset-color: #fff; --tw-ring-offset-shadow: 0 0 transparent; --tw-ring-offset-width: 0px; --tw-ring-shadow: 0 0 transparent; font-weight: bold;\">23%<\/span><\/em><\/span>\u00a0<span style=\"--tw-shadow: 0 0 transparent; --tw-ring-color: rgba(59,130,246,0.5); --tw-ring-inset: var(--tw-empty, ); --tw-ring-offset-color: #fff; --tw-ring-offset-shadow: 0 0 transparent; --tw-ring-offset-width: 0px; --tw-ring-shadow: 0 0 transparent;\">est investi dans la contribution de la recherche \u00e0 la maladie<\/span><\/li><li><span style=\"color: #1c9ad5;\"><em><strong>26%<\/strong><\/em><\/span> se consacre \u00e0 la collecte de fonds et \u00e0 la sensibilisation<\/li><li><span style=\"color: #1c9ad5;\"><em><strong>9%<\/strong><\/em><\/span> couvre les frais d'administration et de fonctionnement<\/li><\/ul>\t\t\t\t\t\t\t\t<\/div>\n\t\t\t\t<\/div>\n\t\t\t\t<div class=\"elementor-element elementor-element-8d30726 elementor-widget elementor-widget-heading\" data-id=\"8d30726\" data-element_type=\"widget\" data-widget_type=\"heading.default\">\n\t\t\t\t<div class=\"elementor-widget-container\">\n\t\t\t\t\t<h2 class=\"elementor-heading-title elementor-size-default\"><a href=\"https:\/\/sla-quebec.ca\/en\/\" target=\"_blank\" rel=\"noopener\">Visitez https:\/\/sla-quebec.ca\/en\/ pour plus d'information<\/a><\/h2>\t\t\t\t<\/div>\n\t\t\t\t<\/div>\n\t\t\t\t\t<\/div>\n\t\t<\/div>\n\t\t\t\t<div class=\"elementor-column elementor-col-50 elementor-top-column elementor-element elementor-element-9c75324\" data-id=\"9c75324\" data-element_type=\"column\">\n\t\t\t<div class=\"elementor-widget-wrap elementor-element-populated\">\n\t\t\t\t\t\t<div class=\"elementor-element elementor-element-0fceb0d elementor-widget__width-inherit elementor-widget-tablet__width-inherit elementor-widget elementor-widget-text-editor\" data-id=\"0fceb0d\" data-element_type=\"widget\" data-widget_type=\"text-editor.default\">\n\t\t\t\t<div class=\"elementor-widget-container\">\n\t\t\t\t\t\t\t\t\t<p><span class=\"JsGRdQ\">\"Plus de <\/span><span style=\"color: #1c9ad5;\"><strong><span class=\"JsGRdQ\">3,000 Canadiens<\/span><\/strong><\/span><span class=\"JsGRdQ\"> vivent avec la SLA, et environ <\/span><span style=\"color: #1c9ad5;\"><strong><span class=\"JsGRdQ\">10 000 autres<\/span><\/strong><\/span><span class=\"JsGRdQ\"> seront diagnostiqu\u00e9s au cours de la prochaine d\u00e9cennie.\"<\/span><\/p>\t\t\t\t\t\t\t\t<\/div>\n\t\t\t\t<\/div>\n\t\t\t\t\t<\/div>\n\t\t<\/div>\n\t\t\t\t\t<\/div>\n\t\t<\/section>\n\t\t\t\t<section class=\"elementor-section elementor-top-section elementor-element elementor-element-ff449c1 elementor-section-full_width elementor-section-height-default elementor-section-height-default\" data-id=\"ff449c1\" data-element_type=\"section\" data-settings=\"{&quot;background_background&quot;:&quot;classic&quot;}\">\n\t\t\t\t\t\t<div class=\"elementor-container elementor-column-gap-default\">\n\t\t\t\t\t<div class=\"elementor-column elementor-col-50 elementor-top-column elementor-element elementor-element-2595a24\" data-id=\"2595a24\" data-element_type=\"column\">\n\t\t\t<div class=\"elementor-widget-wrap elementor-element-populated\">\n\t\t\t\t\t\t<div class=\"elementor-element elementor-element-e163a27 elementor-widget elementor-widget-image\" data-id=\"e163a27\" data-element_type=\"widget\" data-widget_type=\"image.default\">\n\t\t\t\t<div class=\"elementor-widget-container\">\n\t\t\t\t\t\t\t\t\t\t\t\t\t\t\t<img loading=\"lazy\" decoding=\"async\" width=\"720\" height=\"662\" src=\"https:\/\/dsquare.ca\/wp-content\/uploads\/2022\/05\/pic.jpg\" class=\"attachment-large size-large wp-image-3833\" alt=\"dsquare als softball team\" srcset=\"https:\/\/dsquare.ca\/wp-content\/uploads\/2022\/05\/pic.jpg 837w, https:\/\/dsquare.ca\/wp-content\/uploads\/2022\/05\/pic-300x276.jpg 300w, https:\/\/dsquare.ca\/wp-content\/uploads\/2022\/05\/pic-768x707.jpg 768w\" sizes=\"(max-width: 720px) 100vw, 720px\" title=\"\">\t\t\t\t\t\t\t\t\t\t\t\t\t\t\t<\/div>\n\t\t\t\t<\/div>\n\t\t\t\t\t<\/div>\n\t\t<\/div>\n\t\t\t\t<div class=\"elementor-column elementor-col-50 elementor-top-column elementor-element elementor-element-7eea337\" data-id=\"7eea337\" data-element_type=\"column\" data-settings=\"{&quot;background_background&quot;:&quot;classic&quot;}\">\n\t\t\t<div class=\"elementor-widget-wrap elementor-element-populated\">\n\t\t\t\t\t\t<div class=\"elementor-element elementor-element-e4748ef elementor-widget elementor-widget-heading\" data-id=\"e4748ef\" data-element_type=\"widget\" data-widget_type=\"heading.default\">\n\t\t\t\t<div class=\"elementor-widget-container\">\n\t\t\t\t\t<h2 class=\"elementor-heading-title elementor-size-default\">Une nouvelle tradition<\/h2>\t\t\t\t<\/div>\n\t\t\t\t<\/div>\n\t\t\t\t<div class=\"elementor-element elementor-element-2866dd6 elementor-widget__width-initial elementor-widget-tablet__width-inherit elementor-widget elementor-widget-text-editor\" data-id=\"2866dd6\" data-element_type=\"widget\" data-widget_type=\"text-editor.default\">\n\t\t\t\t<div class=\"elementor-widget-container\">\n\t\t\t\t\t\t\t\t\t<p><span class=\"JsGRdQ\">L'ann\u00e9e derni\u00e8re, nous avons organis\u00e9 notre premier tournoi de balle-molle pour collecter des fonds et sensibiliser le public \u00e0 la maladie de la SLA, au cours duquel nous avons pu r\u00e9colter plus de 11 000 $ pour la Soci\u00e9t\u00e9 de la SLA du Qu\u00e9bec. Cette ann\u00e9e, nous avons l'intention de r\u00e9colter encore plus.<\/span> <span class=\"JsGRdQ\">on raising even more.<\/span><\/p>\t\t\t\t\t\t\t\t<\/div>\n\t\t\t\t<\/div>\n\t\t\t\t<div class=\"elementor-element elementor-element-5b7f9d0 elementor-align-left elementor-widget elementor-widget-button\" data-id=\"5b7f9d0\" data-element_type=\"widget\" data-widget_type=\"button.default\">\n\t\t\t\t<div class=\"elementor-widget-container\">\n\t\t\t\t\t\t\t\t\t<div class=\"elementor-button-wrapper\">\n\t\t\t\t\t<a class=\"elementor-button elementor-button-link elementor-size-sm\" href=\"https:\/\/www.jedonneenligne.org\/slaquebec\/campagne\/macollectedefonds\/defi\/3db30fe3-6b96-47a3-9cef-5c7c04746d85\" target=\"_blank\" rel=\"noopener\">\n\t\t\t\t\t\t<span class=\"elementor-button-content-wrapper\">\n\t\t\t\t\t\t\t\t\t<span class=\"elementor-button-text\">Faites un don <\/span>\n\t\t\t\t\t<\/span>\n\t\t\t\t\t<\/a>\n\t\t\t\t<\/div>\n\t\t\t\t\t\t\t\t<\/div>\n\t\t\t\t<\/div>\n\t\t\t\t\t<\/div>\n\t\t<\/div>\n\t\t\t\t\t<\/div>\n\t\t<\/section>\n\t\t\t\t<\/div>","protected":false},"excerpt":{"rendered":"<p>ALS AWARENESS ALS DOESN&#8217;T STOP. NEITHER WILL WE. Make a donation Transport Dsquare and the ALS Society of Qu\u00e9bec are working together for a future without ALS What is ALS? Amyotrophic Lateral Sclerosis (also known as ALS) is a disease&#x2026; <\/p>\n<p class=\"more-link-container th-uppercase th-text-2xs\"><a href=\"https:\/\/dsquare.ca\/fr\/als-awareness\/\" class=\"more-link\">En savoir plus <span class=\"screen-reader-text\">Sensibilisation \u00e0 la SLA<\/span><\/a><\/p>","protected":false},"author":1,"featured_media":0,"parent":0,"menu_order":0,"comment_status":"closed","ping_status":"closed","template":"elementor_header_footer","meta":{"_eb_attr":"","footnotes":""},"class_list":["post-3682","page","type-page","status-publish","hentry"],"rttpg_featured_image_url":null,"rttpg_author":{"display_name":"admin","author_link":"https:\/\/dsquare.ca\/fr\/author\/dsquare_nat2wyqs\/"},"rttpg_comment":0,"rttpg_category":null,"rttpg_excerpt":"ALS AWARENESS ALS DOESN&#8217;T STOP. NEITHER WILL WE. Make a donation Transport Dsquare and the ALS Society of Qu\u00e9bec are working together for a future without ALS What is ALS? Amyotrophic Lateral Sclerosis (also known as ALS) is a disease&#x2026; Read More ALS Awareness","_links":{"self":[{"href":"https:\/\/dsquare.ca\/fr\/wp-json\/wp\/v2\/pages\/3682","targetHints":{"allow":["GET"]}}],"collection":[{"href":"https:\/\/dsquare.ca\/fr\/wp-json\/wp\/v2\/pages"}],"about":[{"href":"https:\/\/dsquare.ca\/fr\/wp-json\/wp\/v2\/types\/page"}],"author":[{"embeddable":true,"href":"https:\/\/dsquare.ca\/fr\/wp-json\/wp\/v2\/users\/1"}],"replies":[{"embeddable":true,"href":"https:\/\/dsquare.ca\/fr\/wp-json\/wp\/v2\/comments?post=3682"}],"version-history":[{"count":268,"href":"https:\/\/dsquare.ca\/fr\/wp-json\/wp\/v2\/pages\/3682\/revisions"}],"predecessor-version":[{"id":8484,"href":"https:\/\/dsquare.ca\/fr\/wp-json\/wp\/v2\/pages\/3682\/revisions\/8484"}],"wp:attachment":[{"href":"https:\/\/dsquare.ca\/fr\/wp-json\/wp\/v2\/media?parent=3682"}],"curies":[{"name":"wp","href":"https:\/\/api.w.org\/{rel}","templated":true}]}}