{"id":31,"date":"2021-05-07T05:12:59","date_gmt":"2021-05-07T05:12:59","guid":{"rendered":"https:\/\/staging2.dsquare.ca\/?page_id=31"},"modified":"2026-02-24T16:04:03","modified_gmt":"2026-02-24T16:04:03","slug":"ourwhy","status":"publish","type":"page","link":"https:\/\/dsquare.ca\/fr\/ourwhy\/","title":{"rendered":"Our Why"},"content":{"rendered":"<div data-elementor-type=\"wp-page\" data-elementor-id=\"31\" class=\"elementor elementor-31\" data-elementor-post-type=\"page\">\n\t\t\t\t\t\t<section class=\"elementor-section elementor-top-section elementor-element elementor-element-80dcd5a elementor-section-height-min-height elementor-section-boxed elementor-section-height-default elementor-section-items-middle\" data-id=\"80dcd5a\" data-element_type=\"section\" data-settings=\"{&quot;background_background&quot;:&quot;classic&quot;}\">\n\t\t\t\t\t\t\t<div class=\"elementor-background-overlay\"><\/div>\n\t\t\t\t\t\t\t<div class=\"elementor-container elementor-column-gap-default\">\n\t\t\t\t\t<div class=\"elementor-column elementor-col-100 elementor-top-column elementor-element elementor-element-8e34303\" data-id=\"8e34303\" data-element_type=\"column\">\n\t\t\t<div class=\"elementor-widget-wrap elementor-element-populated\">\n\t\t\t\t\t\t<div class=\"elementor-element elementor-element-07f0018 elementor-widget__width-initial elementor-widget elementor-widget-heading\" data-id=\"07f0018\" data-element_type=\"widget\" data-widget_type=\"heading.default\">\n\t\t\t\t<div class=\"elementor-widget-container\">\n\t\t\t\t\t<h1 class=\"elementor-heading-title elementor-size-large\">Qui sommes-nous?<\/h1>\t\t\t\t<\/div>\n\t\t\t\t<\/div>\n\t\t\t\t<div class=\"elementor-element elementor-element-b889a56 elementor-widget__width-inherit elementor-widget elementor-widget-heading\" data-id=\"b889a56\" data-element_type=\"widget\" data-widget_type=\"heading.default\">\n\t\t\t\t<div class=\"elementor-widget-container\">\n\t\t\t\t\t<h2 class=\"elementor-heading-title elementor-size-default\">We provide reliable logistics solutions through honest communication, hard work, and a hands-on approach.<\/h2>\t\t\t\t<\/div>\n\t\t\t\t<\/div>\n\t\t\t\t<div class=\"elementor-element elementor-element-d375e53 elementor-align-left elementor-widget elementor-widget-button\" data-id=\"d375e53\" data-element_type=\"widget\" data-widget_type=\"button.default\">\n\t\t\t\t<div class=\"elementor-widget-container\">\n\t\t\t\t\t\t\t\t\t<div class=\"elementor-button-wrapper\">\n\t\t\t\t\t<a class=\"elementor-button elementor-button-link elementor-size-sm\" href=\"https:\/\/dsquare.ca\/fr\/contact-us\/\">\n\t\t\t\t\t\t<span class=\"elementor-button-content-wrapper\">\n\t\t\t\t\t\t\t\t\t<span class=\"elementor-button-text\">Obtenez une soumission<\/span>\n\t\t\t\t\t<\/span>\n\t\t\t\t\t<\/a>\n\t\t\t\t<\/div>\n\t\t\t\t\t\t\t\t<\/div>\n\t\t\t\t<\/div>\n\t\t\t\t\t<\/div>\n\t\t<\/div>\n\t\t\t\t\t<\/div>\n\t\t<\/section>\n\t\t\t\t<section class=\"elementor-section elementor-top-section elementor-element elementor-element-68f1086 elementor-section-boxed elementor-section-height-default elementor-section-height-default\" data-id=\"68f1086\" data-element_type=\"section\">\n\t\t\t\t\t\t<div class=\"elementor-container elementor-column-gap-default\">\n\t\t\t\t\t<div class=\"elementor-column elementor-col-100 elementor-top-column elementor-element elementor-element-5f08bb7\" data-id=\"5f08bb7\" data-element_type=\"column\">\n\t\t\t<div class=\"elementor-widget-wrap elementor-element-populated\">\n\t\t\t\t\t\t<div class=\"elementor-element elementor-element-30656e9 elementor-widget elementor-widget-spacer\" data-id=\"30656e9\" data-element_type=\"widget\" data-widget_type=\"spacer.default\">\n\t\t\t\t<div class=\"elementor-widget-container\">\n\t\t\t\t\t\t\t<div class=\"elementor-spacer\">\n\t\t\t<div class=\"elementor-spacer-inner\"><\/div>\n\t\t<\/div>\n\t\t\t\t\t\t<\/div>\n\t\t\t\t<\/div>\n\t\t\t\t<div class=\"elementor-element elementor-element-8ef9381 elementor-widget elementor-widget-heading\" data-id=\"8ef9381\" data-element_type=\"widget\" data-widget_type=\"heading.default\">\n\t\t\t\t<div class=\"elementor-widget-container\">\n\t\t\t\t\t<h1 class=\"elementor-heading-title elementor-size-default\">At Dsquare, we're powering beyond logistics.<\/h1>\t\t\t\t<\/div>\n\t\t\t\t<\/div>\n\t\t\t\t<div class=\"elementor-element elementor-element-4fbb78c elementor-widget elementor-widget-text-editor\" data-id=\"4fbb78c\" data-element_type=\"widget\" data-widget_type=\"text-editor.default\">\n\t\t\t\t<div class=\"elementor-widget-container\">\n\t\t\t\t\t\t\t\t\t<p>Since 2007,Dsquare has been helping businesses move goods across North America.\u00a0<\/p>\t\t\t\t\t\t\t\t<\/div>\n\t\t\t\t<\/div>\n\t\t\t\t\t<\/div>\n\t\t<\/div>\n\t\t\t\t\t<\/div>\n\t\t<\/section>\n\t\t\t\t<section class=\"elementor-section elementor-top-section elementor-element elementor-element-0294967 elementor-section-boxed elementor-section-height-default elementor-section-height-default\" data-id=\"0294967\" data-element_type=\"section\" data-settings=\"{&quot;background_background&quot;:&quot;classic&quot;}\">\n\t\t\t\t\t\t<div class=\"elementor-container elementor-column-gap-default\">\n\t\t\t\t\t<div class=\"elementor-column elementor-col-100 elementor-top-column elementor-element elementor-element-10d52dd\" data-id=\"10d52dd\" data-element_type=\"column\">\n\t\t\t<div class=\"elementor-widget-wrap elementor-element-populated\">\n\t\t\t\t\t\t<div class=\"elementor-element elementor-element-a31e476 elementor-widget elementor-widget-spacer\" data-id=\"a31e476\" data-element_type=\"widget\" data-widget_type=\"spacer.default\">\n\t\t\t\t<div class=\"elementor-widget-container\">\n\t\t\t\t\t\t\t<div class=\"elementor-spacer\">\n\t\t\t<div class=\"elementor-spacer-inner\"><\/div>\n\t\t<\/div>\n\t\t\t\t\t\t<\/div>\n\t\t\t\t<\/div>\n\t\t\t\t<div class=\"elementor-element elementor-element-d16fe2c elementor-widget elementor-widget-heading\" data-id=\"d16fe2c\" data-element_type=\"widget\" data-widget_type=\"heading.default\">\n\t\t\t\t<div class=\"elementor-widget-container\">\n\t\t\t\t\t<h1 class=\"elementor-heading-title elementor-size-default\">Nos valeurs<\/h1>\t\t\t\t<\/div>\n\t\t\t\t<\/div>\n\t\t\t\t<div class=\"elementor-element elementor-element-4ef5ee7 elementor-widget elementor-widget-text-editor\" data-id=\"4ef5ee7\" data-element_type=\"widget\" data-widget_type=\"text-editor.default\">\n\t\t\t\t<div class=\"elementor-widget-container\">\n\t\t\t\t\t\t\t\t\t<p>Nous aimons faire les choses simplement afin de diminuer les tracas et augmenter les bons moments. Laissez-nous vous aider \u00e0 vous rapprocher de ce qui compte : votre famille, vos clients et vos objectifs.<\/p>\t\t\t\t\t\t\t\t<\/div>\n\t\t\t\t<\/div>\n\t\t\t\t\t<\/div>\n\t\t<\/div>\n\t\t\t\t\t<\/div>\n\t\t<\/section>\n\t\t<div class=\"elementor-element elementor-element-94df3d4 e-con-full animated-slow e-flex elementor-invisible e-con e-parent\" data-id=\"94df3d4\" data-element_type=\"container\" data-settings=\"{&quot;animation&quot;:&quot;fadeInLeft&quot;}\">\n\t\t<div class=\"elementor-element elementor-element-9c135a0 e-con-full e-flex e-con e-child\" data-id=\"9c135a0\" data-element_type=\"container\">\n\t\t\t\t<div class=\"elementor-element elementor-element-094ede3 elementor-widget__width-initial elementor-widget elementor-widget-image\" data-id=\"094ede3\" data-element_type=\"widget\" data-widget_type=\"image.default\">\n\t\t\t\t<div class=\"elementor-widget-container\">\n\t\t\t\t\t\t\t\t\t\t\t\t\t\t\t<img fetchpriority=\"high\" decoding=\"async\" width=\"720\" height=\"720\" src=\"https:\/\/dsquare.ca\/wp-content\/uploads\/2023\/08\/WhatsApp-Image-2023-08-29-at-14.48.40.jpeg\" class=\"attachment-medium_large size-medium_large wp-image-8571\" alt=\"\" srcset=\"https:\/\/dsquare.ca\/wp-content\/uploads\/2023\/08\/WhatsApp-Image-2023-08-29-at-14.48.40.jpeg 765w, https:\/\/dsquare.ca\/wp-content\/uploads\/2023\/08\/WhatsApp-Image-2023-08-29-at-14.48.40-300x300.jpeg 300w, https:\/\/dsquare.ca\/wp-content\/uploads\/2023\/08\/WhatsApp-Image-2023-08-29-at-14.48.40-150x150.jpeg 150w, https:\/\/dsquare.ca\/wp-content\/uploads\/2023\/08\/WhatsApp-Image-2023-08-29-at-14.48.40-12x12.jpeg 12w, https:\/\/dsquare.ca\/wp-content\/uploads\/2023\/08\/WhatsApp-Image-2023-08-29-at-14.48.40-200x200.jpeg 200w\" sizes=\"(max-width: 720px) 100vw, 720px\" title=\"\">\t\t\t\t\t\t\t\t\t\t\t\t\t\t\t<\/div>\n\t\t\t\t<\/div>\n\t\t\t\t<\/div>\n\t\t<div class=\"elementor-element elementor-element-7fa5e4e e-con-full e-flex e-con e-child\" data-id=\"7fa5e4e\" data-element_type=\"container\">\n\t\t\t\t<div class=\"elementor-element elementor-element-7750e4e elementor-widget elementor-widget-heading\" data-id=\"7750e4e\" data-element_type=\"widget\" data-widget_type=\"heading.default\">\n\t\t\t\t<div class=\"elementor-widget-container\">\n\t\t\t\t\t<h2 class=\"elementor-heading-title elementor-size-default\">Delivering a red carpet experience<\/h2>\t\t\t\t<\/div>\n\t\t\t\t<\/div>\n\t\t\t\t<div class=\"elementor-element elementor-element-d7c8bbc elementor-widget elementor-widget-text-editor\" data-id=\"d7c8bbc\" data-element_type=\"widget\" data-widget_type=\"text-editor.default\">\n\t\t\t\t<div class=\"elementor-widget-container\">\n\t\t\t\t\t\t\t\t\t<p>Offrir la meilleure exp\u00e9rience client est au c\u0153ur de nos activit\u00e9s. Nous sommes fiers d'avoir une \u00e9quipe d\u00e9vou\u00e9e qui est toujours pr\u00eate \u00e0 soutenir et \u00e0 conseiller nos clients. Nous ne sommes pas satisfaits tant que vous ne l'\u00eates pas.<\/p>\t\t\t\t\t\t\t\t<\/div>\n\t\t\t\t<\/div>\n\t\t\t\t<\/div>\n\t\t\t\t<\/div>\n\t\t<div class=\"elementor-element elementor-element-63d2ccb e-con-full e-flex elementor-invisible e-con e-parent\" data-id=\"63d2ccb\" data-element_type=\"container\" data-settings=\"{&quot;animation&quot;:&quot;fadeInRight&quot;}\">\n\t\t<div class=\"elementor-element elementor-element-c6525ea e-con-full e-flex e-con e-child\" data-id=\"c6525ea\" data-element_type=\"container\">\n\t\t\t\t<div class=\"elementor-element elementor-element-694009e elementor-widget elementor-widget-heading\" data-id=\"694009e\" data-element_type=\"widget\" data-widget_type=\"heading.default\">\n\t\t\t\t<div class=\"elementor-widget-container\">\n\t\t\t\t\t<h2 class=\"elementor-heading-title elementor-size-default\">D\u00e9montrer de l'honn\u00eatet\u00e9 et de l'int\u00e9grit\u00e9<\/h2>\t\t\t\t<\/div>\n\t\t\t\t<\/div>\n\t\t\t\t<div class=\"elementor-element elementor-element-beed5bd elementor-widget elementor-widget-text-editor\" data-id=\"beed5bd\" data-element_type=\"widget\" data-widget_type=\"text-editor.default\">\n\t\t\t\t<div class=\"elementor-widget-container\">\n\t\t\t\t\t\t\t\t\t<p>Vous n'aimez pas les surprises? Ne vous inqui\u00e9tez pas, nous nous engageons \u00e0 toujours fournir des r\u00e9ponses honn\u00eates. Pas d'excuses, pas de charges surprises.<\/p>\t\t\t\t\t\t\t\t<\/div>\n\t\t\t\t<\/div>\n\t\t\t\t<\/div>\n\t\t<div class=\"elementor-element elementor-element-77249ba e-con-full e-flex e-con e-child\" data-id=\"77249ba\" data-element_type=\"container\">\n\t\t\t\t<div class=\"elementor-element elementor-element-f277bd0 elementor-widget elementor-widget-image\" data-id=\"f277bd0\" data-element_type=\"widget\" data-widget_type=\"image.default\">\n\t\t\t\t<div class=\"elementor-widget-container\">\n\t\t\t\t\t\t\t\t\t\t\t\t\t\t\t<img decoding=\"async\" width=\"720\" height=\"540\" src=\"https:\/\/dsquare.ca\/wp-content\/uploads\/2023\/11\/P1000103-1024x768.jpg\" class=\"attachment-large size-large wp-image-8673\" alt=\"\" srcset=\"https:\/\/dsquare.ca\/wp-content\/uploads\/2023\/11\/P1000103-1024x768.jpg 1024w, https:\/\/dsquare.ca\/wp-content\/uploads\/2023\/11\/P1000103-300x225.jpg 300w, https:\/\/dsquare.ca\/wp-content\/uploads\/2023\/11\/P1000103-768x576.jpg 768w, https:\/\/dsquare.ca\/wp-content\/uploads\/2023\/11\/P1000103-1536x1152.jpg 1536w, https:\/\/dsquare.ca\/wp-content\/uploads\/2023\/11\/P1000103-2048x1536.jpg 2048w, https:\/\/dsquare.ca\/wp-content\/uploads\/2023\/11\/P1000103-16x12.jpg 16w\" sizes=\"(max-width: 720px) 100vw, 720px\" title=\"\">\t\t\t\t\t\t\t\t\t\t\t\t\t\t\t<\/div>\n\t\t\t\t<\/div>\n\t\t\t\t<\/div>\n\t\t\t\t<\/div>\n\t\t<div class=\"elementor-element elementor-element-55e7f5c e-con-full e-flex elementor-invisible e-con e-parent\" data-id=\"55e7f5c\" data-element_type=\"container\" data-settings=\"{&quot;animation&quot;:&quot;fadeInLeft&quot;}\">\n\t\t<div class=\"elementor-element elementor-element-fefbea7 e-con-full e-flex e-con e-child\" data-id=\"fefbea7\" data-element_type=\"container\">\n\t\t\t\t<div class=\"elementor-element elementor-element-4c4d560 elementor-widget elementor-widget-image\" data-id=\"4c4d560\" data-element_type=\"widget\" data-widget_type=\"image.default\">\n\t\t\t\t<div class=\"elementor-widget-container\">\n\t\t\t\t\t\t\t\t\t\t\t\t\t\t\t<img decoding=\"async\" width=\"720\" height=\"720\" src=\"https:\/\/dsquare.ca\/wp-content\/uploads\/2023\/08\/PXL_20230629_211848539.MP_-768x768.jpg\" class=\"attachment-medium_large size-medium_large wp-image-8570\" alt=\"transport dsquare 3pl warehousing trucking logistics supply chain container\" srcset=\"https:\/\/dsquare.ca\/wp-content\/uploads\/2023\/08\/PXL_20230629_211848539.MP_-768x768.jpg 768w, https:\/\/dsquare.ca\/wp-content\/uploads\/2023\/08\/PXL_20230629_211848539.MP_-300x300.jpg 300w, https:\/\/dsquare.ca\/wp-content\/uploads\/2023\/08\/PXL_20230629_211848539.MP_-1024x1024.jpg 1024w, https:\/\/dsquare.ca\/wp-content\/uploads\/2023\/08\/PXL_20230629_211848539.MP_-150x150.jpg 150w, https:\/\/dsquare.ca\/wp-content\/uploads\/2023\/08\/PXL_20230629_211848539.MP_-1536x1536.jpg 1536w, https:\/\/dsquare.ca\/wp-content\/uploads\/2023\/08\/PXL_20230629_211848539.MP_-2048x2048.jpg 2048w, https:\/\/dsquare.ca\/wp-content\/uploads\/2023\/08\/PXL_20230629_211848539.MP_-12x12.jpg 12w, https:\/\/dsquare.ca\/wp-content\/uploads\/2023\/08\/PXL_20230629_211848539.MP_-200x200.jpg 200w\" sizes=\"(max-width: 720px) 100vw, 720px\" title=\"\">\t\t\t\t\t\t\t\t\t\t\t\t\t\t\t<\/div>\n\t\t\t\t<\/div>\n\t\t\t\t<\/div>\n\t\t<div class=\"elementor-element elementor-element-5c0f9f8 e-con-full e-flex e-con e-child\" data-id=\"5c0f9f8\" data-element_type=\"container\">\n\t\t\t\t<div class=\"elementor-element elementor-element-760d2af elementor-widget elementor-widget-heading\" data-id=\"760d2af\" data-element_type=\"widget\" data-widget_type=\"heading.default\">\n\t\t\t\t<div class=\"elementor-widget-container\">\n\t\t\t\t\t<h2 class=\"elementor-heading-title elementor-size-default\">Persistence to win<\/h2>\t\t\t\t<\/div>\n\t\t\t\t<\/div>\n\t\t\t\t<div class=\"elementor-element elementor-element-b08b753 elementor-widget elementor-widget-text-editor\" data-id=\"b08b753\" data-element_type=\"widget\" data-widget_type=\"text-editor.default\">\n\t\t\t\t<div class=\"elementor-widget-container\">\n\t\t\t\t\t\t\t\t\t<p>Comme vous, nous sommes ax\u00e9s sur les r\u00e9sultats. Nous croyons qu'il faut travailler dur et jouer dur. C'est pourquoi nous nous effor\u00e7ons de fournir des r\u00e9sultats tangibles afin de pouvoir c\u00e9l\u00e9brer chaque petite et grande victoire.<\/p>\t\t\t\t\t\t\t\t<\/div>\n\t\t\t\t<\/div>\n\t\t\t\t<\/div>\n\t\t\t\t<\/div>\n\t\t<div class=\"elementor-element elementor-element-90df0a1 e-con-full e-flex elementor-invisible e-con e-parent\" data-id=\"90df0a1\" data-element_type=\"container\" data-settings=\"{&quot;animation&quot;:&quot;fadeInRight&quot;}\">\n\t\t<div class=\"elementor-element elementor-element-6ce8f64 e-con-full e-flex e-con e-child\" data-id=\"6ce8f64\" data-element_type=\"container\">\n\t\t\t\t<div class=\"elementor-element elementor-element-3338c99 elementor-widget elementor-widget-heading\" data-id=\"3338c99\" data-element_type=\"widget\" data-widget_type=\"heading.default\">\n\t\t\t\t<div class=\"elementor-widget-container\">\n\t\t\t\t\t<h2 class=\"elementor-heading-title elementor-size-default\">La s\u00e9curit\u00e9 l'emporte - POINT FINAL<\/h2>\t\t\t\t<\/div>\n\t\t\t\t<\/div>\n\t\t\t\t<div class=\"elementor-element elementor-element-249434f elementor-widget elementor-widget-text-editor\" data-id=\"249434f\" data-element_type=\"widget\" data-widget_type=\"text-editor.default\">\n\t\t\t\t<div class=\"elementor-widget-container\">\n\t\t\t\t\t\t\t\t\t<p>Avoir la conscience tranquille \u00e0 chaque \u00e9tape du processus est notre mantra. Notre engagement \u00e0 l'\u00e9gard de la s\u00e9curit\u00e9 et de la r\u00e9glementation, combin\u00e9 \u00e0 notre connaissance du secteur et \u00e0 nos \u00e9quipes d'experts, vous garantit un voyage en douceur du d\u00e9but \u00e0 la fin. Servir les familles canadiennes et notre communaut\u00e9 est ce qui nous motive.<\/p>\t\t\t\t\t\t\t\t<\/div>\n\t\t\t\t<\/div>\n\t\t\t\t<\/div>\n\t\t<div class=\"elementor-element elementor-element-797bb2d e-con-full e-flex e-con e-child\" data-id=\"797bb2d\" data-element_type=\"container\">\n\t\t\t\t<div class=\"elementor-element elementor-element-16140e9 elementor-widget elementor-widget-image\" data-id=\"16140e9\" data-element_type=\"widget\" data-widget_type=\"image.default\">\n\t\t\t\t<div class=\"elementor-widget-container\">\n\t\t\t\t\t\t\t\t\t\t\t\t\t\t\t<img loading=\"lazy\" decoding=\"async\" width=\"720\" height=\"720\" src=\"https:\/\/dsquare.ca\/wp-content\/uploads\/2023\/08\/MicrosoftTeams-image-1-1-768x768.jpg\" class=\"attachment-medium_large size-medium_large wp-image-8568\" alt=\"\" srcset=\"https:\/\/dsquare.ca\/wp-content\/uploads\/2023\/08\/MicrosoftTeams-image-1-1-768x768.jpg 768w, https:\/\/dsquare.ca\/wp-content\/uploads\/2023\/08\/MicrosoftTeams-image-1-1-300x300.jpg 300w, https:\/\/dsquare.ca\/wp-content\/uploads\/2023\/08\/MicrosoftTeams-image-1-1-1024x1024.jpg 1024w, https:\/\/dsquare.ca\/wp-content\/uploads\/2023\/08\/MicrosoftTeams-image-1-1-150x150.jpg 150w, https:\/\/dsquare.ca\/wp-content\/uploads\/2023\/08\/MicrosoftTeams-image-1-1-1536x1536.jpg 1536w, https:\/\/dsquare.ca\/wp-content\/uploads\/2023\/08\/MicrosoftTeams-image-1-1-12x12.jpg 12w, https:\/\/dsquare.ca\/wp-content\/uploads\/2023\/08\/MicrosoftTeams-image-1-1-200x200.jpg 200w, https:\/\/dsquare.ca\/wp-content\/uploads\/2023\/08\/MicrosoftTeams-image-1-1.jpg 1809w\" sizes=\"(max-width: 720px) 100vw, 720px\" title=\"\">\t\t\t\t\t\t\t\t\t\t\t\t\t\t\t<\/div>\n\t\t\t\t<\/div>\n\t\t\t\t<\/div>\n\t\t\t\t<\/div>\n\t\t<div class=\"elementor-element elementor-element-a261b8f e-con-full e-flex elementor-invisible e-con e-parent\" data-id=\"a261b8f\" data-element_type=\"container\" data-settings=\"{&quot;animation&quot;:&quot;fadeInLeft&quot;}\">\n\t\t<div class=\"elementor-element elementor-element-68c3e46 e-con-full e-flex e-con e-child\" data-id=\"68c3e46\" data-element_type=\"container\">\n\t\t\t\t<div class=\"elementor-element elementor-element-2764fdd elementor-widget elementor-widget-image\" data-id=\"2764fdd\" data-element_type=\"widget\" data-widget_type=\"image.default\">\n\t\t\t\t<div class=\"elementor-widget-container\">\n\t\t\t\t\t\t\t\t\t\t\t\t\t\t\t<img loading=\"lazy\" decoding=\"async\" width=\"600\" height=\"599\" src=\"https:\/\/dsquare.ca\/wp-content\/uploads\/2023\/08\/Transportation.png\" class=\"attachment-medium_large size-medium_large wp-image-8572\" alt=\"a dsquare truck on the highway 3pl transportation trucking canada truck driver\" srcset=\"https:\/\/dsquare.ca\/wp-content\/uploads\/2023\/08\/Transportation.png 600w, https:\/\/dsquare.ca\/wp-content\/uploads\/2023\/08\/Transportation-300x300.png 300w, https:\/\/dsquare.ca\/wp-content\/uploads\/2023\/08\/Transportation-150x150.png 150w, https:\/\/dsquare.ca\/wp-content\/uploads\/2023\/08\/Transportation-12x12.png 12w, https:\/\/dsquare.ca\/wp-content\/uploads\/2023\/08\/Transportation-200x200.png 200w\" sizes=\"(max-width: 600px) 100vw, 600px\" title=\"\">\t\t\t\t\t\t\t\t\t\t\t\t\t\t\t<\/div>\n\t\t\t\t<\/div>\n\t\t\t\t<\/div>\n\t\t<div class=\"elementor-element elementor-element-05be809 e-con-full e-flex e-con e-child\" data-id=\"05be809\" data-element_type=\"container\">\n\t\t\t\t<div class=\"elementor-element elementor-element-393b8e3 elementor-widget elementor-widget-heading\" data-id=\"393b8e3\" data-element_type=\"widget\" data-widget_type=\"heading.default\">\n\t\t\t\t<div class=\"elementor-widget-container\">\n\t\t\t\t\t<h2 class=\"elementor-heading-title elementor-size-default\">Soit B.I.G: Brave, Innovateur et Grandissant<\/h2>\t\t\t\t<\/div>\n\t\t\t\t<\/div>\n\t\t\t\t<div class=\"elementor-element elementor-element-3b9e460 elementor-widget elementor-widget-text-editor\" data-id=\"3b9e460\" data-element_type=\"widget\" data-widget_type=\"text-editor.default\">\n\t\t\t\t<div class=\"elementor-widget-container\">\n\t\t\t\t\t\t\t\t\t<p>Nous nous effor\u00e7ons de vous faciliter la vie. Nous proposons des solutions personnalis\u00e9es qui r\u00e9pondent \u00e0 vos besoins. De la planification \u00e0 la livraison, nos options flexibles vous permettent d'atteindre votre objectif final. Pas de solutions raccourcies.<\/p>\t\t\t\t\t\t\t\t<\/div>\n\t\t\t\t<\/div>\n\t\t\t\t<\/div>\n\t\t\t\t<\/div>\n\t\t<div class=\"elementor-element elementor-element-1217592 e-con-full e-flex elementor-invisible e-con e-parent\" data-id=\"1217592\" data-element_type=\"container\" data-settings=\"{&quot;animation&quot;:&quot;fadeInRight&quot;}\">\n\t\t<div class=\"elementor-element elementor-element-1fa0eb3 e-con-full e-flex e-con e-child\" data-id=\"1fa0eb3\" data-element_type=\"container\">\n\t\t\t\t<div class=\"elementor-element elementor-element-e918a5c elementor-widget elementor-widget-heading\" data-id=\"e918a5c\" data-element_type=\"widget\" data-widget_type=\"heading.default\">\n\t\t\t\t<div class=\"elementor-widget-container\">\n\t\t\t\t\t<h2 class=\"elementor-heading-title elementor-size-default\">Be happy and have fun<\/h2>\t\t\t\t<\/div>\n\t\t\t\t<\/div>\n\t\t\t\t<div class=\"elementor-element elementor-element-8dd176f elementor-widget elementor-widget-text-editor\" data-id=\"8dd176f\" data-element_type=\"widget\" data-widget_type=\"text-editor.default\">\n\t\t\t\t<div class=\"elementor-widget-container\">\n\t\t\t\t\t\t\t\t\t<p>Nous sommes inspir\u00e9s par les personnes qui nous entourent: notre communaut\u00e9, nos employ\u00e9s et nos clients et partenaires qui alimentent notre passion \u00e0 faire ce que nous faisons chaque jour. Pour nous, le voyage est aussi important que la destination. Chez Transport Dsquare, nous appr\u00e9cions le voyage avec les personnes avec lesquelles nous travaillons.<\/p>\t\t\t\t\t\t\t\t<\/div>\n\t\t\t\t<\/div>\n\t\t\t\t<\/div>\n\t\t<div class=\"elementor-element elementor-element-82d7c3c e-con-full e-flex e-con e-child\" data-id=\"82d7c3c\" data-element_type=\"container\">\n\t\t\t\t<div class=\"elementor-element elementor-element-b37a0d7 elementor-widget elementor-widget-image\" data-id=\"b37a0d7\" data-element_type=\"widget\" data-widget_type=\"image.default\">\n\t\t\t\t<div class=\"elementor-widget-container\">\n\t\t\t\t\t\t\t\t\t\t\t\t\t\t\t<img loading=\"lazy\" decoding=\"async\" width=\"720\" height=\"720\" src=\"https:\/\/dsquare.ca\/wp-content\/uploads\/2023\/08\/DSC00533-768x768.jpg\" class=\"attachment-medium_large size-medium_large wp-image-8573\" alt=\"\" srcset=\"https:\/\/dsquare.ca\/wp-content\/uploads\/2023\/08\/DSC00533-768x768.jpg 768w, https:\/\/dsquare.ca\/wp-content\/uploads\/2023\/08\/DSC00533-300x300.jpg 300w, https:\/\/dsquare.ca\/wp-content\/uploads\/2023\/08\/DSC00533-1024x1024.jpg 1024w, https:\/\/dsquare.ca\/wp-content\/uploads\/2023\/08\/DSC00533-150x150.jpg 150w, https:\/\/dsquare.ca\/wp-content\/uploads\/2023\/08\/DSC00533-1536x1536.jpg 1536w, https:\/\/dsquare.ca\/wp-content\/uploads\/2023\/08\/DSC00533-2048x2048.jpg 2048w, https:\/\/dsquare.ca\/wp-content\/uploads\/2023\/08\/DSC00533-12x12.jpg 12w, https:\/\/dsquare.ca\/wp-content\/uploads\/2023\/08\/DSC00533-200x200.jpg 200w\" sizes=\"(max-width: 720px) 100vw, 720px\" title=\"\">\t\t\t\t\t\t\t\t\t\t\t\t\t\t\t<\/div>\n\t\t\t\t<\/div>\n\t\t\t\t<\/div>\n\t\t\t\t<\/div>\n\t\t\t\t<section class=\"elementor-section elementor-top-section elementor-element elementor-element-d0b93f7 elementor-section-boxed elementor-section-height-default elementor-section-height-default\" data-id=\"d0b93f7\" data-element_type=\"section\">\n\t\t\t\t\t\t<div class=\"elementor-container elementor-column-gap-default\">\n\t\t\t\t\t<div class=\"elementor-column elementor-col-100 elementor-top-column elementor-element elementor-element-f032564\" data-id=\"f032564\" data-element_type=\"column\">\n\t\t\t<div class=\"elementor-widget-wrap elementor-element-populated\">\n\t\t\t\t\t\t<div class=\"elementor-element elementor-element-d6395d6 elementor-align-center elementor-widget elementor-widget-button\" data-id=\"d6395d6\" data-element_type=\"widget\" data-widget_type=\"button.default\">\n\t\t\t\t<div class=\"elementor-widget-container\">\n\t\t\t\t\t\t\t\t\t<div class=\"elementor-button-wrapper\">\n\t\t\t\t\t<a class=\"elementor-button elementor-button-link elementor-size-sm\" href=\"https:\/\/dsquare.ca\/fr\/contact-us\/\">\n\t\t\t\t\t\t<span class=\"elementor-button-content-wrapper\">\n\t\t\t\t\t\t\t\t\t<span class=\"elementor-button-text\">Obtenez une soumission<\/span>\n\t\t\t\t\t<\/span>\n\t\t\t\t\t<\/a>\n\t\t\t\t<\/div>\n\t\t\t\t\t\t\t\t<\/div>\n\t\t\t\t<\/div>\n\t\t\t\t\t<\/div>\n\t\t<\/div>\n\t\t\t\t\t<\/div>\n\t\t<\/section>\n\t\t\t\t<\/div>","protected":false},"excerpt":{"rendered":"<p>Who Are We? We provide reliable logistics solutions through honest communication, hard work, and a hands-on approach. Get a quote At Dsquare, we&#8217;re powering beyond logistics. Since 2007,Dsquare has been helping businesses move goods across North America.\u00a0 Our values We&#x2026; <\/p>\n<p class=\"more-link-container th-uppercase th-text-2xs\"><a href=\"https:\/\/dsquare.ca\/fr\/ourwhy\/\" class=\"more-link\">En savoir plus <span class=\"screen-reader-text\">Our Why<\/span><\/a><\/p>","protected":false},"author":1,"featured_media":0,"parent":0,"menu_order":0,"comment_status":"closed","ping_status":"closed","template":"elementor_header_footer","meta":{"_eb_attr":"","footnotes":""},"class_list":["post-31","page","type-page","status-publish","hentry"],"rttpg_featured_image_url":null,"rttpg_author":{"display_name":"admin","author_link":"https:\/\/dsquare.ca\/fr\/author\/dsquare_nat2wyqs\/"},"rttpg_comment":0,"rttpg_category":null,"rttpg_excerpt":"Who Are We? We provide reliable logistics solutions through honest communication, hard work, and a hands-on approach. Get a quote At Dsquare, we&#8217;re powering beyond logistics. Since 2007,Dsquare has been helping businesses move goods across North America.\u00a0 Our values We&#x2026; Read More Our Why","_links":{"self":[{"href":"https:\/\/dsquare.ca\/fr\/wp-json\/wp\/v2\/pages\/31","targetHints":{"allow":["GET"]}}],"collection":[{"href":"https:\/\/dsquare.ca\/fr\/wp-json\/wp\/v2\/pages"}],"about":[{"href":"https:\/\/dsquare.ca\/fr\/wp-json\/wp\/v2\/types\/page"}],"author":[{"embeddable":true,"href":"https:\/\/dsquare.ca\/fr\/wp-json\/wp\/v2\/users\/1"}],"replies":[{"embeddable":true,"href":"https:\/\/dsquare.ca\/fr\/wp-json\/wp\/v2\/comments?post=31"}],"version-history":[{"count":55,"href":"https:\/\/dsquare.ca\/fr\/wp-json\/wp\/v2\/pages\/31\/revisions"}],"predecessor-version":[{"id":8770,"href":"https:\/\/dsquare.ca\/fr\/wp-json\/wp\/v2\/pages\/31\/revisions\/8770"}],"wp:attachment":[{"href":"https:\/\/dsquare.ca\/fr\/wp-json\/wp\/v2\/media?parent=31"}],"curies":[{"name":"wp","href":"https:\/\/api.w.org\/{rel}","templated":true}]}}